{"id":6305,"date":"2023-10-17T10:40:32","date_gmt":"2023-10-17T07:40:32","guid":{"rendered":"https:\/\/deniz.bosphorusboatshow.com\/?page_id=6305"},"modified":"2025-12-09T15:01:55","modified_gmt":"2025-12-09T12:01:55","slug":"kvkk-application-and-information-request-form","status":"publish","type":"page","link":"https:\/\/kara.bosphorusboatshow.com\/en\/kvkk-application-and-information-request-form\/","title":{"rendered":"KVKK Application and Information Request Form"},"content":{"rendered":"\t\t<div data-elementor-type=\"wp-post\" data-elementor-id=\"6305\" class=\"elementor elementor-6305 elementor-6304\" data-elementor-post-type=\"page\">\n\t\t\t\t\t\t<section data-particle_enable=\"false\" data-particle-mobile-disabled=\"false\" class=\"elementor-section elementor-top-section elementor-element elementor-element-d492d2c elementor-section-boxed elementor-section-height-default elementor-section-height-default sc_fly_static\" data-id=\"d492d2c\" data-element_type=\"section\" data-e-type=\"section\">\n\t\t\t\t\t\t<div class=\"elementor-container elementor-column-gap-extended\">\n\t\t\t\t\t<div class=\"elementor-column elementor-col-100 elementor-top-column elementor-element elementor-element-f938dca sc_inner_width_none sc_content_align_inherit sc_layouts_column_icons_position_left sc_fly_static\" data-id=\"f938dca\" data-element_type=\"column\" data-e-type=\"column\">\n\t\t\t<div class=\"elementor-widget-wrap elementor-element-populated\">\n\t\t\t\t\t\t<div class=\"elementor-element elementor-element-c388788 sc_height_large sc_fly_static elementor-widget elementor-widget-spacer\" data-id=\"c388788\" data-element_type=\"widget\" data-e-type=\"widget\" data-widget_type=\"spacer.default\">\n\t\t\t\t<div class=\"elementor-widget-container\">\n\t\t\t\t\t\t\t<div class=\"elementor-spacer\">\n\t\t\t<div class=\"elementor-spacer-inner\"><\/div>\n\t\t<\/div>\n\t\t\t\t\t\t<\/div>\n\t\t\t\t<\/div>\n\t\t\t\t\t<\/div>\n\t\t<\/div>\n\t\t\t\t\t<\/div>\n\t\t<\/section>\n\t\t\t\t<section data-particle_enable=\"false\" data-particle-mobile-disabled=\"false\" class=\"elementor-section elementor-top-section elementor-element elementor-element-f7d7f45 elementor-section-boxed elementor-section-height-default elementor-section-height-default sc_fly_static\" data-id=\"f7d7f45\" data-element_type=\"section\" data-e-type=\"section\">\n\t\t\t\t\t\t<div class=\"elementor-container elementor-column-gap-extended\">\n\t\t\t\t\t<div class=\"elementor-column elementor-col-100 elementor-top-column elementor-element elementor-element-af733f5 sc_inner_width_none sc_content_align_inherit sc_layouts_column_icons_position_left sc_fly_static\" data-id=\"af733f5\" data-element_type=\"column\" data-e-type=\"column\">\n\t\t\t<div class=\"elementor-widget-wrap elementor-element-populated\">\n\t\t\t\t\t\t<div class=\"elementor-element elementor-element-ebe8f0b sc_fly_static elementor-widget elementor-widget-heading\" data-id=\"ebe8f0b\" data-element_type=\"widget\" data-e-type=\"widget\" data-widget_type=\"heading.default\">\n\t\t\t\t<div class=\"elementor-widget-container\">\n\t\t\t\t\t<h4 class=\"elementor-heading-title elementor-size-default\">KVKK Application and Information Request Form<\/h4>\t\t\t\t<\/div>\n\t\t\t\t<\/div>\n\t\t\t\t<div class=\"elementor-element elementor-element-8ab3a8b elementor-widget-divider--view-line sc_fly_static elementor-widget elementor-widget-divider\" data-id=\"8ab3a8b\" data-element_type=\"widget\" data-e-type=\"widget\" data-widget_type=\"divider.default\">\n\t\t\t\t<div class=\"elementor-widget-container\">\n\t\t\t\t\t\t\t<div class=\"elementor-divider\">\n\t\t\t<span class=\"elementor-divider-separator\">\n\t\t\t\t\t\t<\/span>\n\t\t<\/div>\n\t\t\t\t\t\t<\/div>\n\t\t\t\t<\/div>\n\t\t\t\t<div class=\"elementor-element elementor-element-40f7823 sc_fly_static elementor-widget elementor-widget-trx_sc_button\" data-id=\"40f7823\" data-element_type=\"widget\" data-e-type=\"widget\" data-widget_type=\"trx_sc_button.default\">\n\t\t\t\t<div class=\"elementor-widget-container\">\n\t\t\t\t\t<div\tclass=\"sc_item_button sc_button_wrap\"><a href=\"http:\/\/deniz.bosphorusboatshow.com\/wp-content\/uploads\/sites\/3\/2023\/10\/BBS-KVKK-Basvuru-Formu.docx\" class=\"sc_button sc_button_default sc_button_size_small sc_button_icon_left\"><span class=\"sc_button_text\"><span class=\"sc_button_title\">Download the Application Form<\/span><\/span><\/a><\/div>\t\t\t\t<\/div>\n\t\t\t\t<\/div>\n\t\t\t\t<div class=\"elementor-element elementor-element-d81f1aa sc_fly_static elementor-widget elementor-widget-spacer\" data-id=\"d81f1aa\" data-element_type=\"widget\" data-e-type=\"widget\" data-widget_type=\"spacer.default\">\n\t\t\t\t<div class=\"elementor-widget-container\">\n\t\t\t\t\t\t\t<div class=\"elementor-spacer\">\n\t\t\t<div class=\"elementor-spacer-inner\"><\/div>\n\t\t<\/div>\n\t\t\t\t\t\t<\/div>\n\t\t\t\t<\/div>\n\t\t\t\t\t<\/div>\n\t\t<\/div>\n\t\t\t\t\t<\/div>\n\t\t<\/section>\n\t\t\t\t<section data-particle_enable=\"false\" data-particle-mobile-disabled=\"false\" class=\"elementor-section elementor-top-section elementor-element elementor-element-352e76b elementor-section-boxed elementor-section-height-default elementor-section-height-default sc_fly_static\" data-id=\"352e76b\" data-element_type=\"section\" data-e-type=\"section\">\n\t\t\t\t\t\t<div class=\"elementor-container elementor-column-gap-extended\">\n\t\t\t\t\t<div class=\"elementor-column elementor-col-100 elementor-top-column elementor-element elementor-element-756c4a4 sc_inner_width_none sc_content_align_inherit sc_layouts_column_icons_position_left sc_fly_static\" data-id=\"756c4a4\" data-element_type=\"column\" data-e-type=\"column\">\n\t\t\t<div class=\"elementor-widget-wrap elementor-element-populated\">\n\t\t\t\t\t\t<div class=\"elementor-element elementor-element-db27336 sc_fly_static elementor-widget elementor-widget-heading\" data-id=\"db27336\" data-element_type=\"widget\" data-e-type=\"widget\" data-widget_type=\"heading.default\">\n\t\t\t\t<div class=\"elementor-widget-container\">\n\t\t\t\t\t<h6 class=\"elementor-heading-title elementor-size-default\">General Explanations<\/h6>\t\t\t\t<\/div>\n\t\t\t\t<\/div>\n\t\t\t\t<div class=\"elementor-element elementor-element-8269a74 elementor-widget-divider--view-line sc_fly_static elementor-widget elementor-widget-divider\" data-id=\"8269a74\" data-element_type=\"widget\" data-e-type=\"widget\" data-widget_type=\"divider.default\">\n\t\t\t\t<div class=\"elementor-widget-container\">\n\t\t\t\t\t\t\t<div class=\"elementor-divider\">\n\t\t\t<span class=\"elementor-divider-separator\">\n\t\t\t\t\t\t<\/span>\n\t\t<\/div>\n\t\t\t\t\t\t<\/div>\n\t\t\t\t<\/div>\n\t\t\t\t\t<\/div>\n\t\t<\/div>\n\t\t\t\t\t<\/div>\n\t\t<\/section>\n\t\t\t\t<section data-particle_enable=\"false\" data-particle-mobile-disabled=\"false\" class=\"elementor-section elementor-top-section elementor-element elementor-element-c99bb51 elementor-section-boxed elementor-section-height-default elementor-section-height-default sc_fly_static\" data-id=\"c99bb51\" data-element_type=\"section\" data-e-type=\"section\">\n\t\t\t\t\t\t<div class=\"elementor-container elementor-column-gap-extended\">\n\t\t\t\t\t<div class=\"elementor-column elementor-col-100 elementor-top-column elementor-element elementor-element-d31c537 sc_inner_width_none sc_content_align_inherit sc_layouts_column_icons_position_left sc_fly_static\" data-id=\"d31c537\" data-element_type=\"column\" data-e-type=\"column\">\n\t\t\t<div class=\"elementor-widget-wrap elementor-element-populated\">\n\t\t\t\t\t\t<div class=\"elementor-element elementor-element-778263e sc_fly_static elementor-widget elementor-widget-text-editor\" data-id=\"778263e\" data-element_type=\"widget\" data-e-type=\"widget\" data-widget_type=\"text-editor.default\">\n\t\t\t\t<div class=\"elementor-widget-container\">\n\t\t\t\t\t\t\t\t\t<p data-start=\"103\" data-end=\"358\">Pursuant to the Law on the Protection of Personal Data No. 6698 (\u201cKVK Law\u201d), individuals defined as data subjects (\u201cApplicant\u201d) are granted the right to make certain requests regarding the processing of their personal data under Article 11 of the KVK Law.<\/p><p data-start=\"360\" data-end=\"619\">According to Article 13\/I of the KVK Law, applications to be submitted to our Company, which is the data controller, regarding these rights must be delivered to us in writing or through other methods determined by the Personal Data Protection Board (\u201cBoard\u201d).<\/p><p data-start=\"621\" data-end=\"862\">It is important that the personal data we hold about you is accurate and up-to-date. Therefore, please notify us in case of any changes in your personal data. Pursuant to the KVK Law and the relevant legislation, regarding yourself, you may:<\/p><ul data-start=\"864\" data-end=\"1416\"><li data-start=\"864\" data-end=\"918\"><p data-start=\"866\" data-end=\"918\">Learn whether your personal data is being processed,<\/p><\/li><li data-start=\"919\" data-end=\"981\"><p data-start=\"921\" data-end=\"981\">Request details regarding the information we have collected,<\/p><\/li><li data-start=\"982\" data-end=\"1121\"><p data-start=\"984\" data-end=\"1121\">Learn the purpose of collection and how it is used, and the third parties to whom personal data is transferred domestically or abroad, or<\/p><\/li><li data-start=\"1122\" data-end=\"1416\"><p data-start=\"1124\" data-end=\"1416\">Request rectification or updating of your personal data in case it has been processed incompletely or inaccurately, or request deletion if the reasons requiring the processing have ceased to exist, including requesting notification to the third parties to whom such data has been transferred.<\/p><\/li><\/ul><p data-start=\"1418\" data-end=\"1652\">Within this scope, applications to be submitted to our Company <strong data-start=\"1481\" data-end=\"1495\">in writing<\/strong> may be delivered to us by printing this form and writing \u201cPersonal Data Protection Law Information Request\u201d on the envelope or in the subject line, through:<\/p><ul data-start=\"1654\" data-end=\"1841\"><li data-start=\"1654\" data-end=\"1694\"><p data-start=\"1656\" data-end=\"1694\">Personal application of the Applicant,<\/p><\/li><li data-start=\"1695\" data-end=\"1750\"><p data-start=\"1697\" data-end=\"1750\">Notary public or registered mail with return receipt,<\/p><\/li><li data-start=\"1751\" data-end=\"1841\"><p data-start=\"1753\" data-end=\"1841\">Sending an e-mail to the Company\u2019s electronic mail address (<a class=\"decorated-link cursor-pointer\" rel=\"noopener\" data-start=\"1813\" data-end=\"1839\">info@bosphorusboatshow.com<\/a>)<\/p><\/li><\/ul><p data-start=\"1843\" data-end=\"1855\"><strong data-start=\"1843\" data-end=\"1855\">Contact:<\/strong><\/p><p data-start=\"1857\" data-end=\"2000\">YATED Fuarc\u0131l\u0131k A.\u015e.<br data-start=\"1877\" data-end=\"1880\" \/>Marinturk Istanbul City Port, Floor 1, Block D, No: 5, 34890<br data-start=\"1940\" data-end=\"1943\" \/>Pendik \/ Istanbul \/ Turkey<br data-start=\"1969\" data-end=\"1972\" \/><a class=\"decorated-link cursor-pointer\" rel=\"noopener\" data-start=\"1972\" data-end=\"1998\">info@bosphorusboatshow.com<\/a><\/p><ol><li data-start=\"29\" data-end=\"54\"><strong data-start=\"29\" data-end=\"54\">APPLICANT INFORMATION<\/strong><\/li><\/ol><p data-start=\"56\" data-end=\"104\" data-is-last-node=\"\" data-is-only-node=\"\">Please fill in the information below completely:<\/p><table style=\"height: 546px;\" width=\"360\"><tbody><tr><td width=\"168\"><strong data-start=\"58\" data-end=\"78\">Name and Surname<\/strong><\/td><td width=\"19\">:<\/td><td colspan=\"4\" width=\"432\">\u00a0<\/td><\/tr><tr><td width=\"168\"><strong>Turkish ID Number<\/strong><\/td><td width=\"19\">:<\/td><td colspan=\"4\" width=\"432\">\u00a0<\/td><\/tr><tr><td width=\"168\"><strong>Address<\/strong><\/td><td width=\"19\">:<\/td><td colspan=\"4\" width=\"432\">\u00a0<\/td><\/tr><tr><td width=\"168\"><strong data-start=\"89\" data-end=\"105\">Mobile Phone<\/strong><\/td><td width=\"19\">:<\/td><td colspan=\"4\" width=\"432\">\u00a0<\/td><\/tr><tr><td width=\"168\"><strong data-start=\"110\" data-end=\"127\">Email Address<\/strong><\/td><td width=\"19\">:<\/td><td colspan=\"4\" width=\"432\">\u00a0<\/td><\/tr><tr><td width=\"168\"><strong data-start=\"132\" data-end=\"170\">Your Relationship with Our Company<\/strong><\/td><td width=\"19\">:<\/td><td width=\"108\">Visitor<\/td><td width=\"108\">Customer<\/td><td width=\"108\">\u00a0Employee<\/td><td width=\"108\">\u00a0Other<\/td><\/tr><tr><td width=\"168\"><strong data-start=\"175\" data-end=\"224\" data-is-last-node=\"\">Has Your Relationship with Our Company Ended?<\/strong><\/td><td width=\"19\">:<\/td><td colspan=\"4\" width=\"432\">\u00a0<\/td><\/tr><tr><td width=\"168\">\u00a0<\/td><td width=\"19\">\u00a0<\/td><td colspan=\"4\" width=\"432\">\u00a0<\/td><\/tr><\/tbody><\/table><p data-start=\"48\" data-end=\"76\">\u00a0<\/p><p data-start=\"48\" data-end=\"76\"><strong data-start=\"52\" data-end=\"76\">APPLICANT\u2019S REQUESTS<\/strong><\/p><p data-start=\"78\" data-end=\"616\">The rights that you may request from our Company, as the data controller, are specified in Article 11 of the KVK Law. Applications submitted to us will be evaluated within our Company according to the rights you request, and in accordance with Article 13\/2 of the KVK Law, your request will be responded to as soon as possible and no later than 30 (thirty) days from the date it reaches us, depending on the nature of the request. Pursuant to Article 13\/3 of the Law, our response will be communicated to you in writing or electronically.<\/p><p data-start=\"618\" data-end=\"715\" data-is-last-node=\"\" data-is-only-node=\"\">Please specify your request in detail below within the scope of the Personal Data Protection Law:<\/p><p>\u2026\u2026\u2026\u2026\u2026\u2026\u2026\u2026\u2026\u2026\u2026\u2026\u2026\u2026\u2026\u2026\u2026\u2026\u2026\u2026\u2026\u2026\u2026\u2026\u2026\u2026\u2026\u2026\u2026\u2026\u2026\u2026\u2026\u2026\u2026\u2026\u2026\u2026\u2026\u2026\u2026\u2026\u2026\u2026\u2026\u2026\u2026\u2026\u2026\u2026\u2026\u2026\u2026\u2026\u2026\u2026\u2026\u2026\u2026\u2026\u2026\u2026\u2026\u2026\u2026\u2026\u2026\u2026\u2026\u2026\u2026\u2026\u2026&#8230;\u2026\u2026\u2026\u2026\u2026\u2026\u2026\u2026\u2026\u2026\u2026\u2026\u2026\u2026\u2026\u2026\u2026\u2026\u2026\u2026\u2026\u2026\u2026\u2026\u2026\u2026\u2026\u2026\u2026\u2026\u2026\u2026\u2026\u2026\u2026\u2026\u2026\u2026\u2026\u2026\u2026\u2026\u2026\u2026\u2026\u2026\u2026\u2026\u2026\u2026\u2026\u2026\u2026\u2026\u2026\u2026\u2026\u2026\u2026\u2026\u2026\u2026\u2026\u2026\u2026\u2026\u2026\u2026\u2026\u2026\u2026\u2026\u2026\u2026\u2026\u2026\u2026\u2026\u2026\u2026\u2026\u2026\u2026\u2026\u2026\u2026\u2026\u2026\u2026\u2026\u2026\u2026\u2026\u2026\u2026\u2026\u2026\u2026\u2026\u2026\u2026\u2026\u2026\u2026\u2026\u2026\u2026\u2026\u2026\u2026\u2026\u2026\u2026\u2026\u2026\u2026\u2026\u2026\u2026\u2026\u2026\u2026\u2026\u2026\u2026\u2026\u2026\u2026\u2026\u2026\u2026\u2026\u2026\u2026\u2026\u2026\u2026\u2026\u2026\u2026\u2026\u2026\u2026\u2026\u2026\u2026\u2026&#8230;.\u2026\u2026\u2026\u2026\u2026\u2026\u2026\u2026\u2026\u2026\u2026\u2026\u2026\u2026\u2026\u2026\u2026\u2026\u2026\u2026\u2026\u2026\u2026\u2026\u2026\u2026\u2026\u2026\u2026\u2026\u2026\u2026\u2026\u2026\u2026\u2026\u2026\u2026\u2026\u2026\u2026\u2026\u2026\u2026\u2026\u2026\u2026\u2026\u2026\u2026\u2026\u2026\u2026\u2026\u2026\u2026\u2026\u2026\u2026\u2026\u2026\u2026\u2026\u2026\u2026\u2026\u2026\u2026\u2026\u2026\u2026\u2026\u2026&#8230;\u2026\u2026\u2026\u2026\u2026\u2026\u2026\u2026\u2026\u2026\u2026\u2026\u2026\u2026\u2026\u2026\u2026\u2026\u2026\u2026\u2026\u2026\u2026\u2026\u2026\u2026\u2026\u2026\u2026\u2026\u2026\u2026\u2026\u2026\u2026\u2026\u2026\u2026\u2026\u2026\u2026\u2026\u2026\u2026\u2026\u2026\u2026\u2026\u2026\u2026\u2026\u2026\u2026\u2026\u2026\u2026\u2026\u2026\u2026\u2026\u2026\u2026\u2026\u2026\u2026\u2026\u2026\u2026\u2026\u2026\u2026\u2026\u2026\u2026\u2026\u2026\u2026\u2026\u2026\u2026\u2026\u2026\u2026\u2026\u2026\u2026\u2026\u2026\u2026\u2026\u2026\u2026\u2026\u2026\u2026\u2026\u2026\u2026\u2026\u2026\u2026\u2026\u2026\u2026\u2026\u2026\u2026\u2026\u2026\u2026\u2026\u2026\u2026\u2026\u2026\u2026\u2026\u2026\u2026\u2026\u2026\u2026\u2026\u2026\u2026\u2026\u2026\u2026\u2026\u2026\u2026\u2026\u2026\u2026\u2026\u2026\u2026\u2026\u2026\u2026\u2026\u2026\u2026\u2026\u2026\u2026\u2026\u2026.\u2026\u2026\u2026\u2026\u2026\u2026\u2026\u2026\u2026\u2026\u2026\u2026\u2026\u2026\u2026\u2026\u2026\u2026\u2026\u2026\u2026\u2026\u2026\u2026\u2026\u2026\u2026\u2026\u2026\u2026\u2026\u2026\u2026\u2026\u2026\u2026\u2026\u2026\u2026\u2026\u2026\u2026\u2026\u2026\u2026\u2026\u2026\u2026\u2026\u2026\u2026\u2026\u2026\u2026\u2026\u2026\u2026\u2026\u2026\u2026\u2026\u2026\u2026\u2026\u2026\u2026\u2026\u2026\u2026\u2026\u2026\u2026\u2026\u2026\u2026\u2026\u2026\u2026\u2026\u2026\u2026\u2026\u2026\u2026\u2026\u2026\u2026\u2026\u2026\u2026\u2026\u2026\u2026\u2026\u2026\u2026\u2026\u2026\u2026\u2026\u2026\u2026\u2026\u2026\u2026\u2026\u2026\u2026\u2026\u2026\u2026\u2026\u2026\u2026\u2026\u2026\u2026\u2026\u2026\u2026\u2026\u2026\u2026\u2026\u2026\u2026\u2026\u2026\u2026\u2026\u2026\u2026\u2026\u2026\u2026\u2026\u2026\u2026\u2026\u2026\u2026\u2026\u2026\u2026\u2026\u2026\u2026\u2026\u2026\u2026\u2026\u2026\u2026\u2026\u2026\u2026\u2026\u2026\u2026\u2026\u2026\u2026\u2026\u2026\u2026\u2026\u2026\u2026\u2026\u2026\u2026\u2026\u2026\u2026\u2026\u2026\u2026\u2026\u2026\u2026\u2026\u2026\u2026\u2026\u2026\u2026\u2026\u2026\u2026\u2026\u2026\u2026\u2026\u2026\u2026\u2026\u2026\u2026\u2026\u2026\u2026\u2026\u2026\u2026\u2026\u2026\u2026\u2026\u2026\u2026\u2026\u2026\u2026\u2026\u2026\u2026\u2026\u2026\u2026\u2026\u2026\u2026\u2026\u2026\u2026\u2026\u2026\u2026\u2026\u2026\u2026\u2026\u2026\u2026\u2026\u2026\u2026\u2026\u2026\u2026\u2026\u2026\u2026\u2026\u2026\u2026\u2026\u2026\u2026\u2026\u2026\u2026\u2026\u2026\u2026\u2026\u2026\u2026<\/p><p data-start=\"52\" data-end=\"83\"><strong data-start=\"56\" data-end=\"83\">APPLICANT\u2019S DECLARATION<\/strong><\/p><p data-start=\"85\" data-end=\"243\">In line with the requests I have specified above, I kindly request that my application to your Company be evaluated and that I be provided with information.<\/p><p data-start=\"245\" data-end=\"651\">I declare and undertake that the documents and information I have provided to you in this application are accurate, up-to-date, and belong to me. I authorize YATED Fuarc\u0131l\u0131k A.\u015e. to process the information and documents I have provided in this application solely for the purposes of evaluating and responding to my request, delivering the outcome of my application, and verifying my identity and address.<\/p><ul data-start=\"653\" data-end=\"1163\"><li data-start=\"653\" data-end=\"749\"><p data-start=\"655\" data-end=\"749\">I request that the response be sent to the address I have specified in the Application Form.<\/p><\/li><li data-start=\"750\" data-end=\"934\"><p data-start=\"752\" data-end=\"934\">I request that the response be sent to the email address I have specified in the Application Form. (If you choose the email method, we will be able to respond to you more quickly.)<\/p><\/li><li data-start=\"935\" data-end=\"1163\"><p data-start=\"937\" data-end=\"1163\">I wish to receive it in person. (In the case of collection by proxy, a notarized power of attorney or notarized authorization document is required. Information will never be provided to relatives such as a spouse or parent.)<\/p><\/li><\/ul><p data-start=\"1165\" data-end=\"1220\"><strong data-start=\"1165\" data-end=\"1218\">Name and Surname of the Applicant (Data Subject):<\/strong><\/p><p data-start=\"1222\" data-end=\"1248\"><strong data-start=\"1222\" data-end=\"1246\">Date of Application:<\/strong><\/p><p data-start=\"1250\" data-end=\"1266\"><strong data-start=\"1250\" data-end=\"1264\">Signature:<\/strong><\/p><p data-start=\"1268\" data-end=\"1706\"><strong data-start=\"1268\" data-end=\"1287\">IMPORTANT NOTE:<\/strong> Applications must be made by the individual themselves. Applications cannot be made on behalf of a spouse, relative, child, etc. If YATED Fuarc\u0131l\u0131k A.\u015e. doubts the identity of the applicant, the Company may request verification information from the individual. The Company does not accept any liability for requests resulting from inaccurate or outdated information provided in the form or unauthorized applications.<\/p>\t\t\t\t\t\t\t\t<\/div>\n\t\t\t\t<\/div>\n\t\t\t\t<div class=\"elementor-element elementor-element-e5440e9 sc_fly_static elementor-widget elementor-widget-spacer\" data-id=\"e5440e9\" data-element_type=\"widget\" data-e-type=\"widget\" data-widget_type=\"spacer.default\">\n\t\t\t\t<div class=\"elementor-widget-container\">\n\t\t\t\t\t\t\t<div class=\"elementor-spacer\">\n\t\t\t<div class=\"elementor-spacer-inner\"><\/div>\n\t\t<\/div>\n\t\t\t\t\t\t<\/div>\n\t\t\t\t<\/div>\n\t\t\t\t<div class=\"elementor-element elementor-element-7a43de7 sc_fly_static elementor-widget elementor-widget-trx_sc_button\" data-id=\"7a43de7\" data-element_type=\"widget\" data-e-type=\"widget\" data-widget_type=\"trx_sc_button.default\">\n\t\t\t\t<div class=\"elementor-widget-container\">\n\t\t\t\t\t<div\tclass=\"sc_item_button sc_button_wrap\"><a href=\"http:\/\/deniz.bosphorusboatshow.com\/wp-content\/uploads\/sites\/3\/2023\/10\/BBS-KVKK-Basvuru-Formu.docx\" class=\"sc_button sc_button_default sc_button_size_small sc_button_icon_left\"><span class=\"sc_button_text\"><span class=\"sc_button_title\">Download the Application Form<\/span><\/span><\/a><\/div>\t\t\t\t<\/div>\n\t\t\t\t<\/div>\n\t\t\t\t\t<\/div>\n\t\t<\/div>\n\t\t\t\t\t<\/div>\n\t\t<\/section>\n\t\t\t\t<section data-particle_enable=\"false\" data-particle-mobile-disabled=\"false\" class=\"elementor-section elementor-top-section elementor-element elementor-element-0379a92 elementor-section-boxed elementor-section-height-default elementor-section-height-default sc_fly_static\" data-id=\"0379a92\" data-element_type=\"section\" data-e-type=\"section\">\n\t\t\t\t\t\t<div class=\"elementor-container elementor-column-gap-extended\">\n\t\t\t\t\t<div class=\"elementor-column elementor-col-100 elementor-top-column elementor-element elementor-element-9ade152 sc_inner_width_none sc_content_align_inherit sc_layouts_column_icons_position_left sc_fly_static\" data-id=\"9ade152\" data-element_type=\"column\" data-e-type=\"column\">\n\t\t\t<div class=\"elementor-widget-wrap elementor-element-populated\">\n\t\t\t\t\t\t<div class=\"elementor-element elementor-element-0a65353 sc_height_large sc_fly_static elementor-widget elementor-widget-spacer\" data-id=\"0a65353\" data-element_type=\"widget\" data-e-type=\"widget\" data-widget_type=\"spacer.default\">\n\t\t\t\t<div class=\"elementor-widget-container\">\n\t\t\t\t\t\t\t<div class=\"elementor-spacer\">\n\t\t\t<div class=\"elementor-spacer-inner\"><\/div>\n\t\t<\/div>\n\t\t\t\t\t\t<\/div>\n\t\t\t\t<\/div>\n\t\t\t\t\t<\/div>\n\t\t<\/div>\n\t\t\t\t\t<\/div>\n\t\t<\/section>\n\t\t\t\t<\/div>\n\t\t","protected":false},"excerpt":{"rendered":"<p>KVKK Application and Information Request Form Download the Application Form General Explanations Pursuant to the Law on the Protection of Personal Data No. 6698 (\u201cKVK Law\u201d), individuals defined as data&hellip;<\/p>\n","protected":false},"author":1,"featured_media":0,"parent":0,"menu_order":0,"comment_status":"closed","ping_status":"closed","template":"","meta":{"inline_featured_image":false,"footnotes":""},"class_list":["post-6305","page","type-page","status-publish","hentry"],"_links":{"self":[{"href":"https:\/\/kara.bosphorusboatshow.com\/en\/wp-json\/wp\/v2\/pages\/6305","targetHints":{"allow":["GET"]}}],"collection":[{"href":"https:\/\/kara.bosphorusboatshow.com\/en\/wp-json\/wp\/v2\/pages"}],"about":[{"href":"https:\/\/kara.bosphorusboatshow.com\/en\/wp-json\/wp\/v2\/types\/page"}],"author":[{"embeddable":true,"href":"https:\/\/kara.bosphorusboatshow.com\/en\/wp-json\/wp\/v2\/users\/1"}],"replies":[{"embeddable":true,"href":"https:\/\/kara.bosphorusboatshow.com\/en\/wp-json\/wp\/v2\/comments?post=6305"}],"version-history":[{"count":13,"href":"https:\/\/kara.bosphorusboatshow.com\/en\/wp-json\/wp\/v2\/pages\/6305\/revisions"}],"predecessor-version":[{"id":12182,"href":"https:\/\/kara.bosphorusboatshow.com\/en\/wp-json\/wp\/v2\/pages\/6305\/revisions\/12182"}],"wp:attachment":[{"href":"https:\/\/kara.bosphorusboatshow.com\/en\/wp-json\/wp\/v2\/media?parent=6305"}],"curies":[{"name":"wp","href":"https:\/\/api.w.org\/{rel}","templated":true}]}}