{"id":7522,"date":"2024-01-06T00:04:22","date_gmt":"2024-01-05T21:04:22","guid":{"rendered":"https:\/\/kara.bosphorusboatshow.com\/?page_id=7522"},"modified":"2025-12-09T15:27:01","modified_gmt":"2025-12-09T12:27:01","slug":"delivery-and-returns-policy","status":"publish","type":"page","link":"https:\/\/kara.bosphorusboatshow.com\/en\/delivery-and-returns-policy\/","title":{"rendered":"Delivery and Returns Policy"},"content":{"rendered":"\t\t<div data-elementor-type=\"wp-post\" data-elementor-id=\"7522\" class=\"elementor elementor-7522 elementor-7521\" data-elementor-post-type=\"page\">\n\t\t\t\t\t\t<section data-particle_enable=\"false\" data-particle-mobile-disabled=\"false\" class=\"elementor-section elementor-top-section elementor-element elementor-element-d6ba234 elementor-section-boxed elementor-section-height-default elementor-section-height-default sc_fly_static\" data-id=\"d6ba234\" data-element_type=\"section\" data-e-type=\"section\">\n\t\t\t\t\t\t<div class=\"elementor-container elementor-column-gap-extended\">\n\t\t\t\t\t<div class=\"elementor-column elementor-col-100 elementor-top-column elementor-element elementor-element-24552e5 sc_inner_width_none sc_content_align_inherit sc_layouts_column_icons_position_left sc_fly_static\" data-id=\"24552e5\" data-element_type=\"column\" data-e-type=\"column\">\n\t\t\t<div class=\"elementor-widget-wrap elementor-element-populated\">\n\t\t\t\t\t\t<div class=\"elementor-element elementor-element-b9d8129 sc_height_large sc_fly_static elementor-widget elementor-widget-spacer\" data-id=\"b9d8129\" data-element_type=\"widget\" data-e-type=\"widget\" data-widget_type=\"spacer.default\">\n\t\t\t\t<div class=\"elementor-widget-container\">\n\t\t\t\t\t\t\t<div class=\"elementor-spacer\">\n\t\t\t<div class=\"elementor-spacer-inner\"><\/div>\n\t\t<\/div>\n\t\t\t\t\t\t<\/div>\n\t\t\t\t<\/div>\n\t\t\t\t\t<\/div>\n\t\t<\/div>\n\t\t\t\t\t<\/div>\n\t\t<\/section>\n\t\t\t\t<section data-particle_enable=\"false\" data-particle-mobile-disabled=\"false\" class=\"elementor-section elementor-top-section elementor-element elementor-element-c2ddcf8 elementor-section-boxed elementor-section-height-default elementor-section-height-default sc_fly_static\" data-id=\"c2ddcf8\" data-element_type=\"section\" data-e-type=\"section\">\n\t\t\t\t\t\t<div class=\"elementor-container elementor-column-gap-extended\">\n\t\t\t\t\t<div class=\"elementor-column elementor-col-100 elementor-top-column elementor-element elementor-element-b0f4cc0 sc_inner_width_none sc_content_align_inherit sc_layouts_column_icons_position_left sc_fly_static\" data-id=\"b0f4cc0\" data-element_type=\"column\" data-e-type=\"column\">\n\t\t\t<div class=\"elementor-widget-wrap elementor-element-populated\">\n\t\t\t\t\t\t<div class=\"elementor-element elementor-element-6b5cb2a sc_fly_static elementor-widget elementor-widget-text-editor\" data-id=\"6b5cb2a\" data-element_type=\"widget\" data-e-type=\"widget\" data-widget_type=\"text-editor.default\">\n\t\t\t\t<div class=\"elementor-widget-container\">\n\t\t\t\t\t\t\t\t\t<h3 data-path-to-node=\"2\"><b>TERMS AND CONDITIONS OF DELIVERY AND RETURN<\/b><\/h3><h4 data-path-to-node=\"3\"><b>ARTICLE 1 \u2013 SELLER<\/b><\/h4><p data-path-to-node=\"4\">YATED Fuarc\u0131l\u0131k A.\u015e. Shall hereinafter be referred to as the SELLER.<\/p><p data-path-to-node=\"5\">Address: Bat\u0131, Marinturk \u0130stanbul City Port, Sahil Blv D:6D 1. Kat No: D-5, 34890 Pendik\/\u0130stanbul Phone: (0216) 330 32 44 E-mail: yated@yated.org.tr<\/p><h3 data-path-to-node=\"6\"><b>ARTICLE 2 \u2013 SUBJECT<\/b><\/h3><p data-path-to-node=\"7\">The subject of these terms and conditions of delivery and return is the determination of the rights and obligations of the parties regarding the sale and delivery of the product ordered by the CONSUMER electronically from the SELLER&#8217;s website &#8220;<a class=\"ng-star-inserted\" href=\"https:\/\/kara.bosphorusboatshow.com\/tr\/\" target=\"_blank\" rel=\"noopener\" data-hveid=\"0\" data-ved=\"0CAAQ_4QMahgKEwiYjJ_avrCRAxUAAAAAHQAAAAAQtwE\">https:\/\/kara.bosphorusboatshow.com\/tr\/<\/a>&#8220;, in accordance with the provisions of the Law on the Protection of Consumers numbered 4077 and the Regulation on the Principles and Procedures for the Implementation of Distance Contracts. Real and legal persons who purchase online services under this contract shall be referred to as the BUYER.<\/p><h3 data-path-to-node=\"8\"><b>ARTICLE 3 \u2013 PRODUCT<\/b><\/h3><p data-path-to-node=\"9\">The products are the services of providing power cabling for exhibition stands, water line connection, pressurized air connection, and ADSL line connection, as well as the sale of carpets, specific to the exhibitors of the Bosphorus Boat Show Exhibition.<\/p><h3 data-path-to-node=\"10\"><b>ARTICLE 4 \u2013 GENERAL PROVISIONS<\/b><\/h3><p data-path-to-node=\"11\"><b>4.1-<\/b> The CONSUMER declares that they have read and understood the preliminary information regarding the basic qualities, sales price, payment method, and delivery of the product(s) on the SELLER&#8217;s website and has given the necessary confirmation electronically.<\/p><p data-path-to-node=\"12\"><b>4.2-<\/b> The delivery by the SELLER shall be realized on the date of <b>February 17, 2024<\/b>, at the latest, in a manner that allows the BUYER to use the product at the Bosphorus Boat Show Land Exhibition, which will be held at the Istanbul Expo Center between <b>February 17-24, 2024<\/b>.<\/p><p data-path-to-node=\"13\"><b>4.3-<\/b> For the delivery of the product, the signed copy of the distance sales contract must be delivered to the SELLER, <b>or<\/b> electronic confirmation must be obtained from the CONSUMER based on the approval e-mail sent as a result of the CONSUMER electronically filling out the technical infrastructure form according to their requests via the SELLER&#8217;s website or their registered e-mail address and making the related payment, and the price must have been paid by the CONSUMER using the payment method available at <a class=\"ng-star-inserted\" href=\"https:\/\/kara.bosphorusboatshow.com\/tr\/\" target=\"_blank\" rel=\"noopener\" data-hveid=\"0\" data-ved=\"0CAAQ_4QMahgKEwiYjJ_avrCRAxUAAAAAHQAAAAAQuAE\">https:\/\/kara.bosphorusboatshow.com\/tr\/<\/a>.<\/p><p data-path-to-node=\"14\"><b>4.4-<\/b> Persons under the age of 18 cannot shop from the SELLER.<\/p><p data-path-to-node=\"15\"><b>4.5-<\/b> The SELLER is not responsible for pricing errors resulting from typesetting and system faults.<\/p><p data-path-to-node=\"16\"><b>4.6-<\/b> The SELLER reserves the right to change and cancel the content, scope, and features of all products sold on the website.<\/p><p data-path-to-node=\"17\"><b>4.7-<\/b> In case the product payment is made, the BUYER is deemed to have accepted all terms of this contract.<\/p><h3 data-path-to-node=\"18\"><b>ARTICLE 5 \u2013 RIGHT OF WITHDRAWAL<\/b><\/h3><p data-path-to-node=\"19\">The BUYER has the right of withdrawal up to <b>15 days prior to February 17, 2024<\/b>. To exercise the right of withdrawal, notification must be made to the SELLER via fax, e-mail, or telephone within this period, and the product must be unused. The refund to the consumer exercising the right of withdrawal shall be made by the SELLER within <b>30 business days<\/b>.<\/p><h3 data-path-to-node=\"20\"><b>ARTICLE 6 \u2013 PRODUCTS FOR WHICH THE RIGHT OF WITHDRAWAL CANNOT BE USED<\/b><\/h3><p data-path-to-node=\"21\">The right of withdrawal cannot be exercised after the period specified in Article 5 of the contract.<\/p><h3 data-path-to-node=\"22\"><b>ARTICLE 7 \u2013 AUTHORIZED COURT<\/b><\/h3><p data-path-to-node=\"23\">In disputes arising from the application of these terms and conditions of delivery and return, the Consumer Arbitration Committees up to the value declared by the Ministry of Industry and Trade, and the Consumer Courts in the location of the SELLER are authorized.<\/p>\t\t\t\t\t\t\t\t<\/div>\n\t\t\t\t<\/div>\n\t\t\t\t\t<\/div>\n\t\t<\/div>\n\t\t\t\t\t<\/div>\n\t\t<\/section>\n\t\t\t\t<section data-particle_enable=\"false\" data-particle-mobile-disabled=\"false\" class=\"elementor-section elementor-top-section elementor-element elementor-element-631350e elementor-section-boxed elementor-section-height-default elementor-section-height-default sc_fly_static\" data-id=\"631350e\" data-element_type=\"section\" data-e-type=\"section\">\n\t\t\t\t\t\t<div class=\"elementor-container elementor-column-gap-extended\">\n\t\t\t\t\t<div class=\"elementor-column elementor-col-100 elementor-top-column elementor-element elementor-element-6a4da12 sc_inner_width_none sc_content_align_inherit sc_layouts_column_icons_position_left sc_fly_static\" data-id=\"6a4da12\" data-element_type=\"column\" data-e-type=\"column\">\n\t\t\t<div class=\"elementor-widget-wrap elementor-element-populated\">\n\t\t\t\t\t\t<div class=\"elementor-element elementor-element-76e16d1 sc_height_large sc_fly_static elementor-widget elementor-widget-spacer\" data-id=\"76e16d1\" data-element_type=\"widget\" data-e-type=\"widget\" data-widget_type=\"spacer.default\">\n\t\t\t\t<div class=\"elementor-widget-container\">\n\t\t\t\t\t\t\t<div class=\"elementor-spacer\">\n\t\t\t<div class=\"elementor-spacer-inner\"><\/div>\n\t\t<\/div>\n\t\t\t\t\t\t<\/div>\n\t\t\t\t<\/div>\n\t\t\t\t\t<\/div>\n\t\t<\/div>\n\t\t\t\t\t<\/div>\n\t\t<\/section>\n\t\t\t\t<\/div>\n\t\t","protected":false},"excerpt":{"rendered":"<p>TERMS AND CONDITIONS OF DELIVERY AND RETURN ARTICLE 1 \u2013 SELLER YATED Fuarc\u0131l\u0131k A.\u015e. Shall hereinafter be referred to as the SELLER. Address: Bat\u0131, Marinturk \u0130stanbul City Port, Sahil Blv&hellip;<\/p>\n","protected":false},"author":1,"featured_media":0,"parent":0,"menu_order":0,"comment_status":"closed","ping_status":"closed","template":"","meta":{"inline_featured_image":false,"footnotes":""},"class_list":["post-7522","page","type-page","status-publish","hentry"],"_links":{"self":[{"href":"https:\/\/kara.bosphorusboatshow.com\/en\/wp-json\/wp\/v2\/pages\/7522","targetHints":{"allow":["GET"]}}],"collection":[{"href":"https:\/\/kara.bosphorusboatshow.com\/en\/wp-json\/wp\/v2\/pages"}],"about":[{"href":"https:\/\/kara.bosphorusboatshow.com\/en\/wp-json\/wp\/v2\/types\/page"}],"author":[{"embeddable":true,"href":"https:\/\/kara.bosphorusboatshow.com\/en\/wp-json\/wp\/v2\/users\/1"}],"replies":[{"embeddable":true,"href":"https:\/\/kara.bosphorusboatshow.com\/en\/wp-json\/wp\/v2\/comments?post=7522"}],"version-history":[{"count":5,"href":"https:\/\/kara.bosphorusboatshow.com\/en\/wp-json\/wp\/v2\/pages\/7522\/revisions"}],"predecessor-version":[{"id":12191,"href":"https:\/\/kara.bosphorusboatshow.com\/en\/wp-json\/wp\/v2\/pages\/7522\/revisions\/12191"}],"wp:attachment":[{"href":"https:\/\/kara.bosphorusboatshow.com\/en\/wp-json\/wp\/v2\/media?parent=7522"}],"curies":[{"name":"wp","href":"https:\/\/api.w.org\/{rel}","templated":true}]}}