{"id":7529,"date":"2024-01-06T00:06:32","date_gmt":"2024-01-05T21:06:32","guid":{"rendered":"https:\/\/kara.bosphorusboatshow.com\/?page_id=7529"},"modified":"2025-12-09T15:29:36","modified_gmt":"2025-12-09T12:29:36","slug":"privacy-agreement","status":"publish","type":"page","link":"https:\/\/kara.bosphorusboatshow.com\/en\/privacy-agreement\/","title":{"rendered":"Privacy Agreement"},"content":{"rendered":"\t\t<div data-elementor-type=\"wp-post\" data-elementor-id=\"7529\" class=\"elementor elementor-7529 elementor-7528\" data-elementor-post-type=\"page\">\n\t\t\t\t\t\t<section data-particle_enable=\"false\" data-particle-mobile-disabled=\"false\" class=\"elementor-section elementor-top-section elementor-element elementor-element-d6ba234 elementor-section-boxed elementor-section-height-default elementor-section-height-default sc_fly_static\" data-id=\"d6ba234\" data-element_type=\"section\" data-e-type=\"section\">\n\t\t\t\t\t\t<div class=\"elementor-container elementor-column-gap-extended\">\n\t\t\t\t\t<div class=\"elementor-column elementor-col-100 elementor-top-column elementor-element elementor-element-24552e5 sc_inner_width_none sc_content_align_inherit sc_layouts_column_icons_position_left sc_fly_static\" data-id=\"24552e5\" data-element_type=\"column\" data-e-type=\"column\">\n\t\t\t<div class=\"elementor-widget-wrap elementor-element-populated\">\n\t\t\t\t\t\t<div class=\"elementor-element elementor-element-b9d8129 sc_height_large sc_fly_static elementor-widget elementor-widget-spacer\" data-id=\"b9d8129\" data-element_type=\"widget\" data-e-type=\"widget\" data-widget_type=\"spacer.default\">\n\t\t\t\t<div class=\"elementor-widget-container\">\n\t\t\t\t\t\t\t<div class=\"elementor-spacer\">\n\t\t\t<div class=\"elementor-spacer-inner\"><\/div>\n\t\t<\/div>\n\t\t\t\t\t\t<\/div>\n\t\t\t\t<\/div>\n\t\t\t\t\t<\/div>\n\t\t<\/div>\n\t\t\t\t\t<\/div>\n\t\t<\/section>\n\t\t\t\t<section data-particle_enable=\"false\" data-particle-mobile-disabled=\"false\" class=\"elementor-section elementor-top-section elementor-element elementor-element-c2ddcf8 elementor-section-boxed elementor-section-height-default elementor-section-height-default sc_fly_static\" data-id=\"c2ddcf8\" data-element_type=\"section\" data-e-type=\"section\">\n\t\t\t\t\t\t<div class=\"elementor-container elementor-column-gap-extended\">\n\t\t\t\t\t<div class=\"elementor-column elementor-col-100 elementor-top-column elementor-element elementor-element-b0f4cc0 sc_inner_width_none sc_content_align_inherit sc_layouts_column_icons_position_left sc_fly_static\" data-id=\"b0f4cc0\" data-element_type=\"column\" data-e-type=\"column\">\n\t\t\t<div class=\"elementor-widget-wrap elementor-element-populated\">\n\t\t\t\t\t\t<div class=\"elementor-element elementor-element-6b5cb2a sc_fly_static elementor-widget elementor-widget-text-editor\" data-id=\"6b5cb2a\" data-element_type=\"widget\" data-e-type=\"widget\" data-widget_type=\"text-editor.default\">\n\t\t\t\t<div class=\"elementor-widget-container\">\n\t\t\t\t\t\t\t\t\t<h4 data-path-to-node=\"2\"><b>PRIVACY STATEMENT<\/b><\/h4><p data-path-to-node=\"3\">All services offered for sale in our Store belong to YATED Fuarc\u0131l\u0131k A.\u015e., registered at Bat\u0131, Marinturk \u0130stanbul City Port, Sahil Blv D:6D 1. Kat No: D-5, 34890 Pendik\/\u0130stanbul, and are operated by our company.<\/p><p data-path-to-node=\"4\">Our company may collect personal data for various purposes. The methods and ways in which the collected personal data is gathered, and how this data is protected, are specified below.<\/p><p data-path-to-node=\"5\">Certain personal information (such as name-surname, company information, company stand number, phone number, address, or email addresses) regarding the members is collected by our Store as required by the nature of the business, by filling out membership forms or various forms and surveys on our Store.<\/p><p data-path-to-node=\"6\">Our company may send campaign information, information about new products, and promotional offers to its customers and members during certain periods. Our members can make every choice regarding whether or not to receive such information while becoming a member. They can later change this selection in the account information section after logging in as a member, or they can notify us via the link provided in the notification message they receive.<\/p><p data-path-to-node=\"7\">During the approval process carried out through our Store or via e-mail, personal information transmitted to our Store electronically by our members will not be disclosed to third parties, except for the purposes and scope determined by the \u201cUser Agreement\u201d we have concluded with our Members.<\/p><p data-path-to-node=\"8\">For the purpose of identifying problems related to the system and quickly resolving any problems or disputes that may arise regarding the service provided, our Company records and uses the IP addresses of its members. IP addresses can also be used to generally identify users and collect comprehensive demographic information.<\/p><p data-path-to-node=\"9\">Our Company may also use the requested information, even outside the purposes and scope specified in the Membership Agreement, for direct marketing by itself or by individuals it cooperates with. Personal information may also be used to contact the user when necessary. Information requested by our Company, or information provided by the user, or information related to transactions made through our Store, may be used by our Company and the persons it cooperates with for various statistical evaluations, database creation, and market research, without disclosing the identity of our members, even outside the purposes and scope determined by the \u201cMembership Agreement\u201d.<\/p><p data-path-to-node=\"10\">Our Company undertakes to keep confidential information strictly private and confidential, to consider this as an obligation to secrecy, and to take all necessary measures and exercise due diligence to ensure and maintain confidentiality, prevent the entire or any part of the confidential information from entering the public domain or unauthorized use, or disclosure to a third party.<\/p><h3 data-path-to-node=\"11\"><b>CREDIT CARD SECURITY<\/b><\/h3><p data-path-to-node=\"12\">Our company prioritizes the security of credit card holders who shop from our shopping sites. Your credit card information is <b>never<\/b> stored in our system.<\/p><p data-path-to-node=\"13\">When you enter the transaction process, there are two things you need to pay attention to in order to understand that you are on a secure site. One of them is a key or lock icon at the bottom line of your browser. This indicates that you are on a secure internet page and all your information is protected by encryption. This information is used only depending on the sales process and in line with the instructions you provide. Information regarding the credit card used during shopping is encrypted with a <b>256-bit SSL (Secure Sockets Layer)<\/b> protocol independently of our shopping sites and transmitted to the relevant bank for querying. If the card&#8217;s availability is approved, the shopping continues. Since no information about the card is viewed or recorded by us, the seizure of this information by third parties under any circumstances is prevented.<\/p><p data-path-to-node=\"14\">The reliability of payment\/invoice\/delivery address information for orders placed online using a credit card is checked by our company against Credit Card Fraud. Therefore, for customers placing an order for the first time on our shopping sites, the correctness of their financial and address\/phone information must first be approved before the supply and delivery stage of the order can be reached. If necessary, the customer who is the credit card holder or the relevant bank is contacted to check this information.<\/p><p data-path-to-node=\"15\">Only you can access and change all the information you provide when you become a member. If you securely protect your login information, it is not possible for others to access and change information about you. For this purpose, movement is made within a 128-bit SSL security area during membership transactions. This system is an international encryption standard that cannot be broken.<\/p><p data-path-to-node=\"16\">Internet shopping sites that have an information line or customer service and whose open address and telephone information are specified are preferred more today. In this way, you can get detailed information about all the issues you are curious about and get healthier information about the reliability of the company providing the <span class=\"citation-879 citation-end-879\">online shopping service.<\/span><\/p><div class=\"source-inline-chip-container ng-star-inserted\">\u00a0<\/div><p data-path-to-node=\"17\"><b><span class=\"citation-878\">Note:<\/span><\/b><span class=\"citation-878 citation-end-878\"> We recommend paying attention to the presence of the company&#8217;s open address and phone number on internet shopping sites. If you are going to shop, note down all the phone\/address information of the stor<\/span>e you are purchasing the product from before you shop. If you are unsure, confirm by calling before shopping. All information about our company and the company location are specified on all our online shopping sites.<\/p><div class=\"source-inline-chip-container ng-star-inserted\">\u00a0<\/div><h3 data-path-to-node=\"18\"><b>MAIL ORDER CREDIT CARD INFORMATION SECURITY<\/b><\/h3><p data-path-to-node=\"19\">Your identity and credit card information that you send us via the mail-order method will be stored by our company according to the principle of confidentiality. This information is kept for 60 days against possible credit card chargeback disputes that may arise with the bank and is then destroyed. Since you can naturally object to the bank and prevent the payment of any amount other than the cost of the approved mail-order form you send us in return for the products you ordered, it does not pose a risk.<\/p><h3 data-path-to-node=\"20\"><b>THIRD PARTY WEBSITES AND APPLICATIONS<\/b><\/h3><p data-path-to-node=\"21\">Our Store may provide links to other sites within the website. Our Company does not bear any responsibility for the privacy practices and contents of the sites accessed via these links. Advertisements published on our Company&#8217;s site are distributed to our users through our advertising business partners. The Privacy Policy Principles in this contract are only related to the use of our Store and do not cover third-party websites.<\/p><h3 data-path-to-node=\"22\"><b>EXCEPTIONAL CIRCUMSTANCES<\/b><\/h3><p data-path-to-node=\"23\">In the limited circumstances specified below, our Company may disclose user information to third parties outside the provisions of this \u201cPrivacy Policy\u201d. These situations, including but not limited to:<\/p><ol start=\"1\" data-path-to-node=\"24\"><li><p data-path-to-node=\"24,0,0\">Complying with the obligations imposed by laws, Decree-Laws, Regulations, etc., which are issued and currently in force by the competent legal authority;<\/p><\/li><li><p data-path-to-node=\"24,1,0\">Requesting information about users for the purpose of conducting a properly executed investigation or inquiry by the competent administrative and judicial authority;<\/p><\/li><li><p data-path-to-node=\"24,2,0\">Cases where it is necessary to provide information to protect the rights or security of users.<\/p><\/li><\/ol><h3 data-path-to-node=\"25\"><b>E-MAIL SECURITY<\/b><\/h3><p data-path-to-node=\"26\">When sending e-mails to our Store&#8217;s Customer Services regarding any of your orders, <b>never<\/b> write your credit card number or passwords. Information contained in e-mails may be viewed by third parties. Our Company cannot guarantee the security of the information transferred from your e-mails under any circumstances.<\/p><h3 data-path-to-node=\"27\"><b>BROWSER COOKIES<\/b><\/h3><p data-path-to-node=\"28\">Our Company may obtain information about users visiting our store and users&#8217; use of the website by using a technical communication file (Cookie). The mentioned technical communication files are small text files that a website sends to the user&#8217;s browser to be stored in the main memory. The technical communication file facilitates the use of the Internet by storing status and preferences about the site.<\/p><p data-path-to-node=\"29\">The technical communication file helps to obtain statistical information about how many people visit the site, for what purpose, how many times a person visits the site, and how long they stay on the site, and to dynamically generate advertisements and content from user pages specially designed for users. The technical communication file is not designed to retrieve data from the main memory or your e-mail or any other personal information. Most browsers are initially designed to accept the technical communication file, but users can change the settings to prevent the technical communication file from arriving or to give a warning when the technical communication file is sent.<\/p><p data-path-to-node=\"30\">Our Company may change the provisions of this &#8220;Privacy Policy&#8221; at any time by publishing it on the site or sending electronic mail to users or publishing it on its site. If the provisions of the Privacy Policy change, they become effective on the date of publication.<\/p><p data-path-to-node=\"31\">For any questions and suggestions regarding our privacy policy, you can send an e-mail to <b>yated@yated.org.tr<\/b>. You can reach our Company using the following contact information.<\/p><p data-path-to-node=\"32\">Company Title: YATED Fuarc\u0131l\u0131k A.\u015e. Address: Bat\u0131, Marinturk \u0130stanbul City Port, Sahil Blv D:6D 1. Kat No: D-5, 34890 Pendik\/\u0130stanbul E-mail: yated@yated.org.tr Tel: (0216) 330 32 44 Fax: (0216) 330 32 08<\/p>\t\t\t\t\t\t\t\t<\/div>\n\t\t\t\t<\/div>\n\t\t\t\t\t<\/div>\n\t\t<\/div>\n\t\t\t\t\t<\/div>\n\t\t<\/section>\n\t\t\t\t<section data-particle_enable=\"false\" data-particle-mobile-disabled=\"false\" class=\"elementor-section elementor-top-section elementor-element elementor-element-631350e elementor-section-boxed elementor-section-height-default elementor-section-height-default sc_fly_static\" data-id=\"631350e\" data-element_type=\"section\" data-e-type=\"section\">\n\t\t\t\t\t\t<div class=\"elementor-container elementor-column-gap-extended\">\n\t\t\t\t\t<div class=\"elementor-column elementor-col-100 elementor-top-column elementor-element elementor-element-6a4da12 sc_inner_width_none sc_content_align_inherit sc_layouts_column_icons_position_left sc_fly_static\" data-id=\"6a4da12\" data-element_type=\"column\" data-e-type=\"column\">\n\t\t\t<div class=\"elementor-widget-wrap elementor-element-populated\">\n\t\t\t\t\t\t<div class=\"elementor-element elementor-element-76e16d1 sc_height_large sc_fly_static elementor-widget elementor-widget-spacer\" data-id=\"76e16d1\" data-element_type=\"widget\" data-e-type=\"widget\" data-widget_type=\"spacer.default\">\n\t\t\t\t<div class=\"elementor-widget-container\">\n\t\t\t\t\t\t\t<div class=\"elementor-spacer\">\n\t\t\t<div class=\"elementor-spacer-inner\"><\/div>\n\t\t<\/div>\n\t\t\t\t\t\t<\/div>\n\t\t\t\t<\/div>\n\t\t\t\t\t<\/div>\n\t\t<\/div>\n\t\t\t\t\t<\/div>\n\t\t<\/section>\n\t\t\t\t<\/div>\n\t\t","protected":false},"excerpt":{"rendered":"<p>PRIVACY STATEMENT All services offered for sale in our Store belong to YATED Fuarc\u0131l\u0131k A.\u015e., registered at Bat\u0131, Marinturk \u0130stanbul City Port, Sahil Blv D:6D 1. Kat No: D-5, 34890&hellip;<\/p>\n","protected":false},"author":1,"featured_media":0,"parent":0,"menu_order":0,"comment_status":"closed","ping_status":"closed","template":"","meta":{"inline_featured_image":false,"footnotes":""},"class_list":["post-7529","page","type-page","status-publish","hentry"],"_links":{"self":[{"href":"https:\/\/kara.bosphorusboatshow.com\/en\/wp-json\/wp\/v2\/pages\/7529","targetHints":{"allow":["GET"]}}],"collection":[{"href":"https:\/\/kara.bosphorusboatshow.com\/en\/wp-json\/wp\/v2\/pages"}],"about":[{"href":"https:\/\/kara.bosphorusboatshow.com\/en\/wp-json\/wp\/v2\/types\/page"}],"author":[{"embeddable":true,"href":"https:\/\/kara.bosphorusboatshow.com\/en\/wp-json\/wp\/v2\/users\/1"}],"replies":[{"embeddable":true,"href":"https:\/\/kara.bosphorusboatshow.com\/en\/wp-json\/wp\/v2\/comments?post=7529"}],"version-history":[{"count":5,"href":"https:\/\/kara.bosphorusboatshow.com\/en\/wp-json\/wp\/v2\/pages\/7529\/revisions"}],"predecessor-version":[{"id":12194,"href":"https:\/\/kara.bosphorusboatshow.com\/en\/wp-json\/wp\/v2\/pages\/7529\/revisions\/12194"}],"wp:attachment":[{"href":"https:\/\/kara.bosphorusboatshow.com\/en\/wp-json\/wp\/v2\/media?parent=7529"}],"curies":[{"name":"wp","href":"https:\/\/api.w.org\/{rel}","templated":true}]}}