{"id":7543,"date":"2024-01-06T00:12:17","date_gmt":"2024-01-05T21:12:17","guid":{"rendered":"https:\/\/kara.bosphorusboatshow.com\/?page_id=7543"},"modified":"2025-12-09T15:32:32","modified_gmt":"2025-12-09T12:32:32","slug":"about-us","status":"publish","type":"page","link":"https:\/\/kara.bosphorusboatshow.com\/en\/about-us\/","title":{"rendered":"About Us"},"content":{"rendered":"\t\t<div data-elementor-type=\"wp-post\" data-elementor-id=\"7543\" class=\"elementor elementor-7543 elementor-7542\" data-elementor-post-type=\"page\">\n\t\t\t\t\t\t<section data-particle_enable=\"false\" data-particle-mobile-disabled=\"false\" class=\"elementor-section elementor-top-section elementor-element elementor-element-d6ba234 elementor-section-boxed elementor-section-height-default elementor-section-height-default sc_fly_static\" data-id=\"d6ba234\" data-element_type=\"section\" data-e-type=\"section\">\n\t\t\t\t\t\t<div class=\"elementor-container elementor-column-gap-extended\">\n\t\t\t\t\t<div class=\"elementor-column elementor-col-100 elementor-top-column elementor-element elementor-element-24552e5 sc_inner_width_none sc_content_align_inherit sc_layouts_column_icons_position_left sc_fly_static\" data-id=\"24552e5\" data-element_type=\"column\" data-e-type=\"column\">\n\t\t\t<div class=\"elementor-widget-wrap elementor-element-populated\">\n\t\t\t\t\t\t<div class=\"elementor-element elementor-element-b9d8129 sc_height_large sc_fly_static elementor-widget elementor-widget-spacer\" data-id=\"b9d8129\" data-element_type=\"widget\" data-e-type=\"widget\" data-widget_type=\"spacer.default\">\n\t\t\t\t<div class=\"elementor-widget-container\">\n\t\t\t\t\t\t\t<div class=\"elementor-spacer\">\n\t\t\t<div class=\"elementor-spacer-inner\"><\/div>\n\t\t<\/div>\n\t\t\t\t\t\t<\/div>\n\t\t\t\t<\/div>\n\t\t\t\t\t<\/div>\n\t\t<\/div>\n\t\t\t\t\t<\/div>\n\t\t<\/section>\n\t\t\t\t<section data-particle_enable=\"false\" data-particle-mobile-disabled=\"false\" class=\"elementor-section elementor-top-section elementor-element elementor-element-c2ddcf8 elementor-section-boxed elementor-section-height-default elementor-section-height-default sc_fly_static\" data-id=\"c2ddcf8\" data-element_type=\"section\" data-e-type=\"section\">\n\t\t\t\t\t\t<div class=\"elementor-container elementor-column-gap-extended\">\n\t\t\t\t\t<div class=\"elementor-column elementor-col-100 elementor-top-column elementor-element elementor-element-b0f4cc0 sc_inner_width_none sc_content_align_inherit sc_layouts_column_icons_position_left sc_fly_static\" data-id=\"b0f4cc0\" data-element_type=\"column\" data-e-type=\"column\">\n\t\t\t<div class=\"elementor-widget-wrap elementor-element-populated\">\n\t\t\t\t\t\t<div class=\"elementor-element elementor-element-6b5cb2a sc_fly_static elementor-widget elementor-widget-text-editor\" data-id=\"6b5cb2a\" data-element_type=\"widget\" data-e-type=\"widget\" data-widget_type=\"text-editor.default\">\n\t\t\t\t<div class=\"elementor-widget-container\">\n\t\t\t\t\t\t\t\t\t<p data-path-to-node=\"2\"><b>YATED Fuarc\u0131l\u0131k A.\u015e.<\/b> was established in 2021 to organize sectoral fairs.<\/p><h3 data-path-to-node=\"3\"><b>Board of Directors<\/b><\/h3><ul data-path-to-node=\"4\"><li><p data-path-to-node=\"4,0,0\">Murat BEK\u0130RO\u011eLU \u2013 Chairman of the Board of Directors of Fuarc\u0131l\u0131k A.\u015e. and Association Representative<\/p><\/li><li><p data-path-to-node=\"4,1,0\">Cem H\u00dcRO\u011eLU \u2013 Board Member<\/p><\/li><li><p data-path-to-node=\"4,2,0\">Orhun \u015eENT\u00dcRK \u2013 Board Member<\/p><\/li><li><p data-path-to-node=\"4,3,0\">Hikmet Ugur AKSAN \u2013 Board Member<\/p><\/li><\/ul><h3 data-path-to-node=\"5\"><b>Head Office<\/b><\/h3><p data-path-to-node=\"6\">Marinturk \u0130stanbul City Port Bat\u0131 Mah. Sahil Yolu Cad. 6D 1. Kat No: D-5 Merkez Pendik\/ \u0130stanbul\/ T\u00fcrkiye +90 0216 330 32 44 +90 0216 330 32 08 yated@yated.org.tr<\/p>\t\t\t\t\t\t\t\t<\/div>\n\t\t\t\t<\/div>\n\t\t\t\t\t<\/div>\n\t\t<\/div>\n\t\t\t\t\t<\/div>\n\t\t<\/section>\n\t\t\t\t<section data-particle_enable=\"false\" data-particle-mobile-disabled=\"false\" class=\"elementor-section elementor-top-section elementor-element elementor-element-631350e elementor-section-boxed elementor-section-height-default elementor-section-height-default sc_fly_static\" data-id=\"631350e\" data-element_type=\"section\" data-e-type=\"section\">\n\t\t\t\t\t\t<div class=\"elementor-container elementor-column-gap-extended\">\n\t\t\t\t\t<div class=\"elementor-column elementor-col-100 elementor-top-column elementor-element elementor-element-6a4da12 sc_inner_width_none sc_content_align_inherit sc_layouts_column_icons_position_left sc_fly_static\" data-id=\"6a4da12\" data-element_type=\"column\" data-e-type=\"column\">\n\t\t\t<div class=\"elementor-widget-wrap elementor-element-populated\">\n\t\t\t\t\t\t<div class=\"elementor-element elementor-element-76e16d1 sc_height_large sc_fly_static elementor-widget elementor-widget-spacer\" data-id=\"76e16d1\" data-element_type=\"widget\" data-e-type=\"widget\" data-widget_type=\"spacer.default\">\n\t\t\t\t<div class=\"elementor-widget-container\">\n\t\t\t\t\t\t\t<div class=\"elementor-spacer\">\n\t\t\t<div class=\"elementor-spacer-inner\"><\/div>\n\t\t<\/div>\n\t\t\t\t\t\t<\/div>\n\t\t\t\t<\/div>\n\t\t\t\t\t<\/div>\n\t\t<\/div>\n\t\t\t\t\t<\/div>\n\t\t<\/section>\n\t\t\t\t<\/div>\n\t\t","protected":false},"excerpt":{"rendered":"<p>YATED Fuarc\u0131l\u0131k A.\u015e. was established in 2021 to organize sectoral fairs. Board of Directors Murat BEK\u0130RO\u011eLU \u2013 Chairman of the Board of Directors of Fuarc\u0131l\u0131k A.\u015e. and Association Representative Cem&hellip;<\/p>\n","protected":false},"author":1,"featured_media":0,"parent":0,"menu_order":0,"comment_status":"closed","ping_status":"closed","template":"","meta":{"inline_featured_image":false,"footnotes":""},"class_list":["post-7543","page","type-page","status-publish","hentry"],"_links":{"self":[{"href":"https:\/\/kara.bosphorusboatshow.com\/en\/wp-json\/wp\/v2\/pages\/7543","targetHints":{"allow":["GET"]}}],"collection":[{"href":"https:\/\/kara.bosphorusboatshow.com\/en\/wp-json\/wp\/v2\/pages"}],"about":[{"href":"https:\/\/kara.bosphorusboatshow.com\/en\/wp-json\/wp\/v2\/types\/page"}],"author":[{"embeddable":true,"href":"https:\/\/kara.bosphorusboatshow.com\/en\/wp-json\/wp\/v2\/users\/1"}],"replies":[{"embeddable":true,"href":"https:\/\/kara.bosphorusboatshow.com\/en\/wp-json\/wp\/v2\/comments?post=7543"}],"version-history":[{"count":8,"href":"https:\/\/kara.bosphorusboatshow.com\/en\/wp-json\/wp\/v2\/pages\/7543\/revisions"}],"predecessor-version":[{"id":12203,"href":"https:\/\/kara.bosphorusboatshow.com\/en\/wp-json\/wp\/v2\/pages\/7543\/revisions\/12203"}],"wp:attachment":[{"href":"https:\/\/kara.bosphorusboatshow.com\/en\/wp-json\/wp\/v2\/media?parent=7543"}],"curies":[{"name":"wp","href":"https:\/\/api.w.org\/{rel}","templated":true}]}}