{"id":2579,"date":"2023-08-25T17:55:01","date_gmt":"2023-08-25T14:55:01","guid":{"rendered":"http:\/\/deniz.bosphorusboatshow.com\/?page_id=2579"},"modified":"2026-03-04T15:40:21","modified_gmt":"2026-03-04T12:40:21","slug":"fuar-hakkinda","status":"publish","type":"page","link":"https:\/\/kara.bosphorusboatshow.com\/tr\/fuar-hakkinda\/","title":{"rendered":"Fuar Hakk\u0131nda"},"content":{"rendered":"\t\t<div data-elementor-type=\"wp-post\" data-elementor-id=\"2579\" class=\"elementor elementor-2579\" data-elementor-post-type=\"page\">\n\t\t\t\t\t\t<section data-particle_enable=\"false\" data-particle-mobile-disabled=\"false\" class=\"elementor-section elementor-top-section elementor-element elementor-element-d6ba234 elementor-section-boxed elementor-section-height-default elementor-section-height-default sc_fly_static\" data-id=\"d6ba234\" data-element_type=\"section\" data-e-type=\"section\">\n\t\t\t\t\t\t<div class=\"elementor-container elementor-column-gap-extended\">\n\t\t\t\t\t<div class=\"elementor-column elementor-col-100 elementor-top-column elementor-element elementor-element-24552e5 sc_inner_width_none sc_content_align_inherit sc_layouts_column_icons_position_left sc_fly_static\" data-id=\"24552e5\" data-element_type=\"column\" data-e-type=\"column\">\n\t\t\t<div class=\"elementor-widget-wrap elementor-element-populated\">\n\t\t\t\t\t\t<div class=\"elementor-element elementor-element-b9d8129 sc_height_large sc_fly_static elementor-widget elementor-widget-spacer\" data-id=\"b9d8129\" data-element_type=\"widget\" data-e-type=\"widget\" data-widget_type=\"spacer.default\">\n\t\t\t\t<div class=\"elementor-widget-container\">\n\t\t\t\t\t\t\t<div class=\"elementor-spacer\">\n\t\t\t<div class=\"elementor-spacer-inner\"><\/div>\n\t\t<\/div>\n\t\t\t\t\t\t<\/div>\n\t\t\t\t<\/div>\n\t\t\t\t\t<\/div>\n\t\t<\/div>\n\t\t\t\t\t<\/div>\n\t\t<\/section>\n\t\t\t\t<section data-particle_enable=\"false\" data-particle-mobile-disabled=\"false\" class=\"elementor-section elementor-top-section elementor-element elementor-element-2c43ac7 elementor-section-boxed elementor-section-height-default elementor-section-height-default sc_fly_static\" data-id=\"2c43ac7\" data-element_type=\"section\" data-e-type=\"section\">\n\t\t\t\t\t\t<div class=\"elementor-container elementor-column-gap-extended\">\n\t\t\t\t\t<div class=\"elementor-column elementor-col-100 elementor-top-column elementor-element elementor-element-ff63906 sc_inner_width_none sc_content_align_inherit sc_layouts_column_icons_position_left sc_fly_static\" data-id=\"ff63906\" data-element_type=\"column\" data-e-type=\"column\">\n\t\t\t<div class=\"elementor-widget-wrap elementor-element-populated\">\n\t\t\t\t\t\t<div class=\"elementor-element elementor-element-e5a1751 sc_fly_static elementor-widget elementor-widget-heading\" data-id=\"e5a1751\" data-element_type=\"widget\" data-e-type=\"widget\" data-widget_type=\"heading.default\">\n\t\t\t\t<div class=\"elementor-widget-container\">\n\t\t\t\t\t<h1 class=\"elementor-heading-title elementor-size-default\">Kara G\u00f6r\u00fcnd\u00fc<\/h1>\t\t\t\t<\/div>\n\t\t\t\t<\/div>\n\t\t\t\t\t<\/div>\n\t\t<\/div>\n\t\t\t\t\t<\/div>\n\t\t<\/section>\n\t\t\t\t<section data-particle_enable=\"false\" data-particle-mobile-disabled=\"false\" class=\"elementor-section elementor-top-section elementor-element elementor-element-9b61527 elementor-section-boxed elementor-section-height-default elementor-section-height-default sc_fly_static\" data-id=\"9b61527\" data-element_type=\"section\" data-e-type=\"section\">\n\t\t\t\t\t\t<div class=\"elementor-container elementor-column-gap-extended\">\n\t\t\t\t\t<div class=\"elementor-column elementor-col-100 elementor-top-column elementor-element elementor-element-22bb303 sc_inner_width_none sc_content_align_inherit sc_layouts_column_icons_position_left sc_fly_static\" data-id=\"22bb303\" data-element_type=\"column\" data-e-type=\"column\">\n\t\t\t<div class=\"elementor-widget-wrap elementor-element-populated\">\n\t\t\t\t\t\t<div class=\"elementor-element elementor-element-98d9724 sc_height_large sc_fly_static elementor-widget elementor-widget-spacer\" data-id=\"98d9724\" data-element_type=\"widget\" data-e-type=\"widget\" data-widget_type=\"spacer.default\">\n\t\t\t\t<div class=\"elementor-widget-container\">\n\t\t\t\t\t\t\t<div class=\"elementor-spacer\">\n\t\t\t<div class=\"elementor-spacer-inner\"><\/div>\n\t\t<\/div>\n\t\t\t\t\t\t<\/div>\n\t\t\t\t<\/div>\n\t\t\t\t\t<\/div>\n\t\t<\/div>\n\t\t\t\t\t<\/div>\n\t\t<\/section>\n\t\t\t\t<section data-particle_enable=\"false\" data-particle-mobile-disabled=\"false\" class=\"elementor-section elementor-top-section elementor-element elementor-element-c8f84e8 elementor-section-boxed elementor-section-height-default elementor-section-height-default sc_fly_static\" data-id=\"c8f84e8\" data-element_type=\"section\" data-e-type=\"section\">\n\t\t\t\t\t\t<div class=\"elementor-container elementor-column-gap-extended\">\n\t\t\t\t\t<div class=\"elementor-column elementor-col-50 elementor-top-column elementor-element elementor-element-aa4bf30 sc_inner_width_none sc_content_align_inherit sc_layouts_column_icons_position_left sc_fly_static\" data-id=\"aa4bf30\" data-element_type=\"column\" data-e-type=\"column\">\n\t\t\t<div class=\"elementor-widget-wrap elementor-element-populated\">\n\t\t\t\t\t\t<div class=\"elementor-element elementor-element-a077aab sc_height_small sc_fly_static elementor-widget elementor-widget-spacer\" data-id=\"a077aab\" data-element_type=\"widget\" data-e-type=\"widget\" data-widget_type=\"spacer.default\">\n\t\t\t\t<div class=\"elementor-widget-container\">\n\t\t\t\t\t\t\t<div class=\"elementor-spacer\">\n\t\t\t<div class=\"elementor-spacer-inner\"><\/div>\n\t\t<\/div>\n\t\t\t\t\t\t<\/div>\n\t\t\t\t<\/div>\n\t\t\t\t<div class=\"elementor-element elementor-element-b4a33fc sc_fly_static elementor-widget elementor-widget-text-editor\" data-id=\"b4a33fc\" data-element_type=\"widget\" data-e-type=\"widget\" data-widget_type=\"text-editor.default\">\n\t\t\t\t<div class=\"elementor-widget-container\">\n\t\t\t\t\t\t\t\t\t<p>Sekt\u00f6r\u00fcn en b\u00fcy\u00fck STK\u2019lar\u0131ndan biri olan Yat ve Tekne End\u00fcstrisi Derne\u011fi (YATED) taraf\u0131ndan, ED Fuarc\u0131l\u0131k i\u015f birli\u011fiyle Ye\u015filk\u00f6y \u0130stanbul Atat\u00fcrk Havaliman\u0131 kar\u015f\u0131s\u0131nda bulunan \u0130FM \u0130stanbul Fuar Merkezi&#8217;nin be\u015f salonunda ger\u00e7ekle\u015ftirilen T\u00fcrkiye\u2019nin birinci, D\u00fcnyan\u0131n ise D\u00fcsseldorf Boot\u2019tan sonra ikinci b\u00fcy\u00fck karada tekne fuar\u0131 Bosphorus Boat Show Kara Fuar\u0131, 21-28 \u015eubat 2026 tarihleri aras\u0131nda deniz severler ve fuar merakl\u0131lar\u0131 ile bulu\u015ftu.<\/p><p>Bosphorus Boat Show Kara Fuar\u0131\u2019nda <b>200&#8217;den fazla firma<\/b> ve <b>500\u2019den fazla marka<\/b>, <b>500\u2019den fazla tekne<\/b> ile <b>27.000 m\u00b2\u2019nin \u00fczerindeki net alanda<\/b> bir araya gelerek <b>40.000\u2019den fazla<\/b> deniz severi konuk etti.<\/p>\t\t\t\t\t\t\t\t<\/div>\n\t\t\t\t<\/div>\n\t\t\t\t<div class=\"elementor-element elementor-element-589a6d2 sc_height_small sc_fly_static elementor-widget elementor-widget-spacer\" data-id=\"589a6d2\" data-element_type=\"widget\" data-e-type=\"widget\" data-widget_type=\"spacer.default\">\n\t\t\t\t<div class=\"elementor-widget-container\">\n\t\t\t\t\t\t\t<div class=\"elementor-spacer\">\n\t\t\t<div class=\"elementor-spacer-inner\"><\/div>\n\t\t<\/div>\n\t\t\t\t\t\t<\/div>\n\t\t\t\t<\/div>\n\t\t\t\t<div class=\"elementor-element elementor-element-e5f89a5 sc_height_small sc_fly_static elementor-widget elementor-widget-spacer\" data-id=\"e5f89a5\" data-element_type=\"widget\" data-e-type=\"widget\" data-widget_type=\"spacer.default\">\n\t\t\t\t<div class=\"elementor-widget-container\">\n\t\t\t\t\t\t\t<div class=\"elementor-spacer\">\n\t\t\t<div class=\"elementor-spacer-inner\"><\/div>\n\t\t<\/div>\n\t\t\t\t\t\t<\/div>\n\t\t\t\t<\/div>\n\t\t\t\t<div class=\"elementor-element elementor-element-39cddc9 sc_fly_static elementor-widget elementor-widget-image\" data-id=\"39cddc9\" data-element_type=\"widget\" data-e-type=\"widget\" data-widget_type=\"image.default\">\n\t\t\t\t<div class=\"elementor-widget-container\">\n\t\t\t\t\t\t\t\t\t\t\t\t\t\t\t<img fetchpriority=\"high\" decoding=\"async\" width=\"800\" height=\"500\" src=\"https:\/\/kara.bosphorusboatshow.com\/wp-content\/uploads\/sites\/2\/2024\/11\/DOA02713.jpg\" class=\"attachment-large size-large wp-image-10233\" alt=\"\" srcset=\"https:\/\/kara.bosphorusboatshow.com\/wp-content\/uploads\/sites\/2\/2024\/11\/DOA02713.jpg 800w, https:\/\/kara.bosphorusboatshow.com\/wp-content\/uploads\/sites\/2\/2024\/11\/DOA02713-300x188.jpg 300w, https:\/\/kara.bosphorusboatshow.com\/wp-content\/uploads\/sites\/2\/2024\/11\/DOA02713-768x480.jpg 768w, https:\/\/kara.bosphorusboatshow.com\/wp-content\/uploads\/sites\/2\/2024\/11\/DOA02713-370x231.jpg 370w, https:\/\/kara.bosphorusboatshow.com\/wp-content\/uploads\/sites\/2\/2024\/11\/DOA02713-760x475.jpg 760w\" sizes=\"(max-width: 800px) 100vw, 800px\" \/>\t\t\t\t\t\t\t\t\t\t\t\t\t\t\t<\/div>\n\t\t\t\t<\/div>\n\t\t\t\t\t<\/div>\n\t\t<\/div>\n\t\t\t\t<div class=\"elementor-column elementor-col-50 elementor-top-column elementor-element elementor-element-cc249a4 sc_inner_width_none sc_content_align_inherit sc_layouts_column_icons_position_left sc_fly_static\" data-id=\"cc249a4\" data-element_type=\"column\" data-e-type=\"column\">\n\t\t\t<div class=\"elementor-widget-wrap elementor-element-populated\">\n\t\t\t\t\t\t<div class=\"elementor-element elementor-element-eb06e51 sc_fly_static elementor-widget elementor-widget-image\" data-id=\"eb06e51\" data-element_type=\"widget\" data-e-type=\"widget\" data-widget_type=\"image.default\">\n\t\t\t\t<div class=\"elementor-widget-container\">\n\t\t\t\t\t\t\t\t\t\t\t\t\t\t\t<img decoding=\"async\" width=\"800\" height=\"500\" src=\"https:\/\/kara.bosphorusboatshow.com\/wp-content\/uploads\/sites\/2\/2024\/11\/DOA02002.jpg\" class=\"attachment-large size-large wp-image-10229\" alt=\"\" srcset=\"https:\/\/kara.bosphorusboatshow.com\/wp-content\/uploads\/sites\/2\/2024\/11\/DOA02002.jpg 800w, https:\/\/kara.bosphorusboatshow.com\/wp-content\/uploads\/sites\/2\/2024\/11\/DOA02002-300x188.jpg 300w, https:\/\/kara.bosphorusboatshow.com\/wp-content\/uploads\/sites\/2\/2024\/11\/DOA02002-768x480.jpg 768w, https:\/\/kara.bosphorusboatshow.com\/wp-content\/uploads\/sites\/2\/2024\/11\/DOA02002-370x231.jpg 370w, https:\/\/kara.bosphorusboatshow.com\/wp-content\/uploads\/sites\/2\/2024\/11\/DOA02002-760x475.jpg 760w\" sizes=\"(max-width: 800px) 100vw, 800px\" \/>\t\t\t\t\t\t\t\t\t\t\t\t\t\t\t<\/div>\n\t\t\t\t<\/div>\n\t\t\t\t<div class=\"elementor-element elementor-element-b955690 sc_height_small sc_fly_static elementor-widget elementor-widget-spacer\" data-id=\"b955690\" data-element_type=\"widget\" data-e-type=\"widget\" data-widget_type=\"spacer.default\">\n\t\t\t\t<div class=\"elementor-widget-container\">\n\t\t\t\t\t\t\t<div class=\"elementor-spacer\">\n\t\t\t<div class=\"elementor-spacer-inner\"><\/div>\n\t\t<\/div>\n\t\t\t\t\t\t<\/div>\n\t\t\t\t<\/div>\n\t\t\t\t<div class=\"elementor-element elementor-element-4552e1f sc_fly_static elementor-widget elementor-widget-text-editor\" data-id=\"4552e1f\" data-element_type=\"widget\" data-e-type=\"widget\" data-widget_type=\"text-editor.default\">\n\t\t\t\t<div class=\"elementor-widget-container\">\n\t\t\t\t\t\t\t\t\t<p>Minimum 3 ay \u00f6ncesinden ba\u015flayan sosyal medya \u00e7al\u0131\u015fmalar\u0131 ve 1 ay \u00f6ncesinden ba\u015flayan \u2018\u00f6zel pazarlama plan\u0131\u2019 ile hedef kitleye tan\u0131t\u0131lan fuar\u0131m\u0131zda, hem kat\u0131l\u0131mc\u0131lar hem de ziyaret\u00e7iler unutulmaz bir sekiz g\u00fcn ge\u00e7irdiler. 2026 y\u0131l\u0131nda oldu\u011fu gibi <b>20-27 \u015eubat 2027<\/b> tarihlerinde de \u00e7ok \u00f6zel planlan\u0131p organize edilecek etkinlikler ile fuar alan\u0131n\u0131n tam bir festival alan\u0131na d\u00f6n\u00fc\u015ft\u00fcr\u00fclmesi hedeflenmektedir.<\/p><p>Fuarlar\u0131m\u0131za; Tekne (Motoryat, Yelkenli, Katamaran, Spor Boat, Megayat, S\u00fcrat Teknesi), bot, deniz motoru, tekne ekipman ve aksesuarlar\u0131, deniz motosikleti, deniz oyuncaklar\u0131, dal\u0131\u015f malzemeleri, bal\u0131k\u00e7\u0131l\u0131k malzemeleri, kara ve deniz arac\u0131 markalar\u0131 ve \u015firketleri ile birlikte leasing ve sigorta kurulu\u015flar\u0131 da kat\u0131ld\u0131. Ayr\u0131ca pek \u00e7ok STK\u2019n\u0131n da yer ald\u0131\u011f\u0131 fuarlar\u0131m\u0131za \u00e7e\u015fitli marka ve kurumlar da sponsor olarak de\u011fer katt\u0131lar.<\/p>\t\t\t\t\t\t\t\t<\/div>\n\t\t\t\t<\/div>\n\t\t\t\t<div class=\"elementor-element elementor-element-4dfd1e2 sc_height_small sc_fly_static elementor-widget elementor-widget-spacer\" data-id=\"4dfd1e2\" data-element_type=\"widget\" data-e-type=\"widget\" data-widget_type=\"spacer.default\">\n\t\t\t\t<div class=\"elementor-widget-container\">\n\t\t\t\t\t\t\t<div class=\"elementor-spacer\">\n\t\t\t<div class=\"elementor-spacer-inner\"><\/div>\n\t\t<\/div>\n\t\t\t\t\t\t<\/div>\n\t\t\t\t<\/div>\n\t\t\t\t<div class=\"elementor-element elementor-element-67fc85c sc_fly_static elementor-widget elementor-widget-image\" data-id=\"67fc85c\" data-element_type=\"widget\" data-e-type=\"widget\" data-widget_type=\"image.default\">\n\t\t\t\t<div class=\"elementor-widget-container\">\n\t\t\t\t\t\t\t\t\t\t\t\t\t\t\t<img decoding=\"async\" width=\"800\" height=\"500\" src=\"https:\/\/kara.bosphorusboatshow.com\/wp-content\/uploads\/sites\/2\/2024\/11\/DOA02484.jpg\" class=\"attachment-large size-large wp-image-10231\" alt=\"\" srcset=\"https:\/\/kara.bosphorusboatshow.com\/wp-content\/uploads\/sites\/2\/2024\/11\/DOA02484.jpg 800w, https:\/\/kara.bosphorusboatshow.com\/wp-content\/uploads\/sites\/2\/2024\/11\/DOA02484-300x188.jpg 300w, https:\/\/kara.bosphorusboatshow.com\/wp-content\/uploads\/sites\/2\/2024\/11\/DOA02484-768x480.jpg 768w, https:\/\/kara.bosphorusboatshow.com\/wp-content\/uploads\/sites\/2\/2024\/11\/DOA02484-370x231.jpg 370w, https:\/\/kara.bosphorusboatshow.com\/wp-content\/uploads\/sites\/2\/2024\/11\/DOA02484-760x475.jpg 760w\" sizes=\"(max-width: 800px) 100vw, 800px\" \/>\t\t\t\t\t\t\t\t\t\t\t\t\t\t\t<\/div>\n\t\t\t\t<\/div>\n\t\t\t\t<div class=\"elementor-element elementor-element-1892eae sc_height_small sc_fly_static elementor-widget elementor-widget-spacer\" data-id=\"1892eae\" data-element_type=\"widget\" data-e-type=\"widget\" data-widget_type=\"spacer.default\">\n\t\t\t\t<div class=\"elementor-widget-container\">\n\t\t\t\t\t\t\t<div class=\"elementor-spacer\">\n\t\t\t<div class=\"elementor-spacer-inner\"><\/div>\n\t\t<\/div>\n\t\t\t\t\t\t<\/div>\n\t\t\t\t<\/div>\n\t\t\t\t<div class=\"elementor-element elementor-element-921c7f0 sc_fly_static elementor-widget elementor-widget-image\" data-id=\"921c7f0\" data-element_type=\"widget\" data-e-type=\"widget\" data-widget_type=\"image.default\">\n\t\t\t\t<div class=\"elementor-widget-container\">\n\t\t\t\t\t\t\t\t\t\t\t\t\t\t\t<img loading=\"lazy\" decoding=\"async\" width=\"800\" height=\"500\" src=\"https:\/\/kara.bosphorusboatshow.com\/wp-content\/uploads\/sites\/2\/2024\/11\/SSY_1783.jpg\" class=\"attachment-large size-large wp-image-10235\" alt=\"\" srcset=\"https:\/\/kara.bosphorusboatshow.com\/wp-content\/uploads\/sites\/2\/2024\/11\/SSY_1783.jpg 800w, https:\/\/kara.bosphorusboatshow.com\/wp-content\/uploads\/sites\/2\/2024\/11\/SSY_1783-300x188.jpg 300w, https:\/\/kara.bosphorusboatshow.com\/wp-content\/uploads\/sites\/2\/2024\/11\/SSY_1783-768x480.jpg 768w, https:\/\/kara.bosphorusboatshow.com\/wp-content\/uploads\/sites\/2\/2024\/11\/SSY_1783-370x231.jpg 370w, https:\/\/kara.bosphorusboatshow.com\/wp-content\/uploads\/sites\/2\/2024\/11\/SSY_1783-760x475.jpg 760w\" sizes=\"(max-width: 800px) 100vw, 800px\" \/>\t\t\t\t\t\t\t\t\t\t\t\t\t\t\t<\/div>\n\t\t\t\t<\/div>\n\t\t\t\t<div class=\"elementor-element elementor-element-0e6942a scheme_default sc_layouts_hide_on_wide sc_layouts_hide_on_desktop sc_layouts_hide_on_notebook sc_layouts_hide_on_tablet sc_layouts_hide_on_mobile sc_fly_static elementor-widget elementor-widget-trx_sc_button\" data-id=\"0e6942a\" data-element_type=\"widget\" data-e-type=\"widget\" data-widget_type=\"trx_sc_button.default\">\n\t\t\t\t<div class=\"elementor-widget-container\">\n\t\t\t\t\t<div\tclass=\"sc_item_button sc_button_wrap\"><a href=\"https:\/\/kara.bosphorusboatshow.com\/tr\/bilet-al\/\" class=\"sc_button hide_on_mobile hide_on_tablet hide_on_notebook hide_on_desktop hide_on_wide sc_button_bordered sc_button_size_small sc_button_icon_left color_style_dark\" target=\"_blank\"><span class=\"sc_button_text\"><span class=\"sc_button_title\">Bilet Al<\/span><\/span><\/a><\/div>\t\t\t\t<\/div>\n\t\t\t\t<\/div>\n\t\t\t\t<div class=\"elementor-element elementor-element-f1b0ac5 scheme_default sc_layouts_hide_on_wide sc_layouts_hide_on_desktop sc_layouts_hide_on_notebook sc_layouts_hide_on_tablet sc_layouts_hide_on_mobile sc_fly_static elementor-widget elementor-widget-trx_sc_button\" data-id=\"f1b0ac5\" data-element_type=\"widget\" data-e-type=\"widget\" data-widget_type=\"trx_sc_button.default\">\n\t\t\t\t<div class=\"elementor-widget-container\">\n\t\t\t\t\t<div\tclass=\"sc_item_button sc_button_wrap sc_align_left\"><a href=\"https:\/\/kara.bosphorusboatshow.com\/tr\/yerlesim-plani\/\" class=\"sc_button hide_on_mobile hide_on_tablet hide_on_notebook hide_on_desktop hide_on_wide sc_button_bordered sc_button_size_small sc_button_icon_left color_style_dark\"><span class=\"sc_button_text\"><span class=\"sc_button_title\">Yerle\u015fim Plan\u0131n\u0131 \u0130ncele<\/span><\/span><\/a><\/div>\t\t\t\t<\/div>\n\t\t\t\t<\/div>\n\t\t\t\t\t<\/div>\n\t\t<\/div>\n\t\t\t\t\t<\/div>\n\t\t<\/section>\n\t\t\t\t<section data-particle_enable=\"false\" data-particle-mobile-disabled=\"false\" class=\"elementor-section elementor-top-section elementor-element elementor-element-b81ff3b elementor-section-boxed elementor-section-height-default elementor-section-height-default sc_fly_static\" data-id=\"b81ff3b\" data-element_type=\"section\" data-e-type=\"section\">\n\t\t\t\t\t\t<div class=\"elementor-container elementor-column-gap-extended\">\n\t\t\t\t\t<div class=\"elementor-column elementor-col-100 elementor-top-column elementor-element elementor-element-5443a0a sc_inner_width_none sc_content_align_inherit sc_layouts_column_icons_position_left sc_fly_static\" data-id=\"5443a0a\" data-element_type=\"column\" data-e-type=\"column\">\n\t\t\t<div class=\"elementor-widget-wrap elementor-element-populated\">\n\t\t\t\t\t\t<div class=\"elementor-element elementor-element-d7a2967 sc_fly_static elementor-widget elementor-widget-spacer\" data-id=\"d7a2967\" data-element_type=\"widget\" data-e-type=\"widget\" data-widget_type=\"spacer.default\">\n\t\t\t\t<div class=\"elementor-widget-container\">\n\t\t\t\t\t\t\t<div class=\"elementor-spacer\">\n\t\t\t<div class=\"elementor-spacer-inner\"><\/div>\n\t\t<\/div>\n\t\t\t\t\t\t<\/div>\n\t\t\t\t<\/div>\n\t\t\t\t\t<\/div>\n\t\t<\/div>\n\t\t\t\t\t<\/div>\n\t\t<\/section>\n\t\t\t\t<\/div>\n\t\t","protected":false},"excerpt":{"rendered":"<p>Kara G\u00f6r\u00fcnd\u00fc Sekt\u00f6r\u00fcn en b\u00fcy\u00fck STK\u2019lar\u0131ndan biri olan Yat ve Tekne End\u00fcstrisi Derne\u011fi (YATED) taraf\u0131ndan, ED Fuarc\u0131l\u0131k i\u015f birli\u011fiyle Ye\u015filk\u00f6y \u0130stanbul Atat\u00fcrk Havaliman\u0131 kar\u015f\u0131s\u0131nda bulunan \u0130FM \u0130stanbul Fuar Merkezi&#8217;nin be\u015f&hellip;<\/p>\n","protected":false},"author":1,"featured_media":0,"parent":0,"menu_order":0,"comment_status":"closed","ping_status":"closed","template":"","meta":{"inline_featured_image":false,"footnotes":""},"class_list":["post-2579","page","type-page","status-publish","hentry"],"_links":{"self":[{"href":"https:\/\/kara.bosphorusboatshow.com\/tr\/wp-json\/wp\/v2\/pages\/2579","targetHints":{"allow":["GET"]}}],"collection":[{"href":"https:\/\/kara.bosphorusboatshow.com\/tr\/wp-json\/wp\/v2\/pages"}],"about":[{"href":"https:\/\/kara.bosphorusboatshow.com\/tr\/wp-json\/wp\/v2\/types\/page"}],"author":[{"embeddable":true,"href":"https:\/\/kara.bosphorusboatshow.com\/tr\/wp-json\/wp\/v2\/users\/1"}],"replies":[{"embeddable":true,"href":"https:\/\/kara.bosphorusboatshow.com\/tr\/wp-json\/wp\/v2\/comments?post=2579"}],"version-history":[{"count":133,"href":"https:\/\/kara.bosphorusboatshow.com\/tr\/wp-json\/wp\/v2\/pages\/2579\/revisions"}],"predecessor-version":[{"id":12742,"href":"https:\/\/kara.bosphorusboatshow.com\/tr\/wp-json\/wp\/v2\/pages\/2579\/revisions\/12742"}],"wp:attachment":[{"href":"https:\/\/kara.bosphorusboatshow.com\/tr\/wp-json\/wp\/v2\/media?parent=2579"}],"curies":[{"name":"wp","href":"https:\/\/api.w.org\/{rel}","templated":true}]}}