{"id":6279,"date":"2023-10-17T10:23:09","date_gmt":"2023-10-17T07:23:09","guid":{"rendered":"https:\/\/deniz.bosphorusboatshow.com\/?page_id=6279"},"modified":"2023-10-17T10:27:53","modified_gmt":"2023-10-17T07:27:53","slug":"kvkk-aydinlatma-metni","status":"publish","type":"page","link":"https:\/\/kara.bosphorusboatshow.com\/tr\/kvkk-aydinlatma-metni\/","title":{"rendered":"KVKK Ayd\u0131nlatma Metni"},"content":{"rendered":"\t\t<div data-elementor-type=\"wp-post\" data-elementor-id=\"6279\" class=\"elementor elementor-6279\" data-elementor-post-type=\"page\">\n\t\t\t\t\t\t<section data-particle_enable=\"false\" data-particle-mobile-disabled=\"false\" class=\"elementor-section elementor-top-section elementor-element elementor-element-d6ba234 elementor-section-boxed elementor-section-height-default elementor-section-height-default sc_fly_static\" data-id=\"d6ba234\" data-element_type=\"section\" data-e-type=\"section\">\n\t\t\t\t\t\t<div class=\"elementor-container elementor-column-gap-extended\">\n\t\t\t\t\t<div class=\"elementor-column elementor-col-100 elementor-top-column elementor-element elementor-element-24552e5 sc_inner_width_none sc_content_align_inherit sc_layouts_column_icons_position_left sc_fly_static\" data-id=\"24552e5\" data-element_type=\"column\" data-e-type=\"column\">\n\t\t\t<div class=\"elementor-widget-wrap elementor-element-populated\">\n\t\t\t\t\t\t<div class=\"elementor-element elementor-element-b9d8129 sc_height_large sc_fly_static elementor-widget elementor-widget-spacer\" data-id=\"b9d8129\" data-element_type=\"widget\" data-e-type=\"widget\" data-widget_type=\"spacer.default\">\n\t\t\t\t<div class=\"elementor-widget-container\">\n\t\t\t\t\t\t\t<div class=\"elementor-spacer\">\n\t\t\t<div class=\"elementor-spacer-inner\"><\/div>\n\t\t<\/div>\n\t\t\t\t\t\t<\/div>\n\t\t\t\t<\/div>\n\t\t\t\t\t<\/div>\n\t\t<\/div>\n\t\t\t\t\t<\/div>\n\t\t<\/section>\n\t\t\t\t<section data-particle_enable=\"false\" data-particle-mobile-disabled=\"false\" class=\"elementor-section elementor-top-section elementor-element elementor-element-c2ddcf8 elementor-section-boxed elementor-section-height-default elementor-section-height-default sc_fly_static\" data-id=\"c2ddcf8\" data-element_type=\"section\" data-e-type=\"section\">\n\t\t\t\t\t\t<div class=\"elementor-container elementor-column-gap-extended\">\n\t\t\t\t\t<div class=\"elementor-column elementor-col-100 elementor-top-column elementor-element elementor-element-b0f4cc0 sc_inner_width_none sc_content_align_inherit sc_layouts_column_icons_position_left sc_fly_static\" data-id=\"b0f4cc0\" data-element_type=\"column\" data-e-type=\"column\">\n\t\t\t<div class=\"elementor-widget-wrap elementor-element-populated\">\n\t\t\t\t\t\t<div class=\"elementor-element elementor-element-6b5cb2a sc_fly_static elementor-widget elementor-widget-text-editor\" data-id=\"6b5cb2a\" data-element_type=\"widget\" data-e-type=\"widget\" data-widget_type=\"text-editor.default\">\n\t\t\t\t<div class=\"elementor-widget-container\">\n\t\t\t\t\t\t\t\t\t<p><strong>K\u0130\u015e\u0130SEL VER\u0130LER\u0130N TOPLANMASI VE \u0130\u015eLENMES\u0130NE \u0130L\u0130\u015eK\u0130N<\/strong><\/p><p><strong>\u00a0AYDINLATMA METN\u0130<\/strong><\/p><p><strong>\u00a0<\/strong><\/p><p><strong>1.G\u0130R\u0130\u015e<\/strong><\/p><p>YATED Fuarc\u0131l\u0131k A.\u015e. (\u201c<strong>\u015eirketimiz<\/strong>\u201d veya \u201c<strong>YATED<\/strong>\u201d) olarak, d\u00fczenledi\u011fimiz Bosphorus Boat Show Deniz Fuar\u0131\u2019na ait resmi internet sitemiz olan \u00a0<a href=\"http:\/\/bosphorusboatshow.com\">bosphorusboatshow.com<\/a> adresini ziyaret etti\u011finizde siz ziyaret\u00e7ilerimize ve Dernek \u00fcyelerimize ait ki\u015fisel verilerin 6698 say\u0131l\u0131 Ki\u015fisel Verilerin Korunmas\u0131 Kanunu ve ikincil d\u00fczenlemelerine (\u201c<strong>KVK mevzuat\u0131<\/strong>\u201d) uygun olarak i\u015flenmesi ve korunmas\u0131 i\u00e7in azami hassasiyeti g\u00f6stermekteyiz.<\/p><p>\u015eirketimiz\u2019in KVK mevzuat\u0131ndan do\u011fan ayd\u0131nlatma y\u00fck\u00fcml\u00fcl\u00fc\u011f\u00fc kapsam\u0131nda siz, \u00a0<a href=\"http:\/\/bosphorusboatshow.com\">bosphorusboatshow.com<\/a> ziyaret\u00e7ilerimizi i\u015fbu Bosphorus Boat Show \u0130nternet Sitesi KVK Bilgilendirme Metni (\u201c<strong>Bilgilendirme Metni<\/strong>\u201d) ile bilgilendirmek isteriz.<\/p><p><strong>2.K\u0130\u015e\u0130SEL VER\u0130<\/strong><\/p><p><strong>\u00a0<\/strong><\/p><p><strong>2.1. Ki\u015fisel Veri Tan\u0131m\u0131<\/strong><\/p><p>KVKK m.3\/I(d) c\u0327erc\u0327evesinde \u201c<em>kis\u0327isel veri<\/em>\u201d kimlig\u0306i belirli veya belirlenebilir gerc\u0327ek kis\u0327ilere ilis\u0327kin her tu\u0308rlu\u0308 bilgiyi ifade eder. Bu kapsamda, anonim bilgiler, anonim hale getirilen bilgiler ve belirli bir kis\u0327i ile ilis\u0327kilendirilemeyen dig\u0306er veriler is\u0327bu Politika kapsam\u0131nda kis\u0327isel veri olarak kabul edilmez.<\/p><p><strong>2.2.Ki\u015fisel Verilerin \u0130ncelenmesinde Genel \u0130lkeler<\/strong><\/p><p>KVKK m.3\/I(e) c\u0327erc\u0327evesinde kis\u0327isel verilerin tamamen veya k\u0131smen otomatik olan ya da herhangi bir veri kay\u0131t sisteminin parc\u0327as\u0131 olmak kayd\u0131yla otomatik olmayan yollarla elde edilmesi, kaydedilmesi, depolanmas\u0131, muhafaza edilmesi, deg\u0306is\u0327tirilmesi, yeniden du\u0308zenlenmesi, ac\u0327\u0131klanmas\u0131, aktar\u0131lmas\u0131, devral\u0131nmas\u0131, elde edilebilir ha\u0302le getirilmesi, s\u0131n\u0131fland\u0131r\u0131lmas\u0131 ya da kullan\u0131lmas\u0131n\u0131n engellenmesi gibi kis\u0327isel veriler u\u0308zerinde gerc\u0327ekles\u0327tirilebilecek her tu\u0308rlu\u0308 is\u0327lem \u201c<em>veri is\u0327leme<\/em>\u201d kapsam\u0131na girmektedir.<\/p><p>S\u0327irket, Kis\u0327isel Veriler\u2019i, as\u0327ag\u0306\u0131da say\u0131lan ilkelere uygun olarak is\u0327lemektedir:<\/p><ol><li>Hukuka ve du\u0308ru\u0308stlu\u0308k kurallar\u0131na uygun olma<\/li><li>Dog\u0306ru ve gerektig\u0306inde gu\u0308ncel olma<\/li><li>Belirli, ac\u0327\u0131k ve mes\u0327ru amac\u0327lar ic\u0327in is\u0327lenme<\/li><li>I\u0307s\u0327lendikleri amac\u0327la bag\u0306lant\u0131l\u0131, s\u0131n\u0131rl\u0131 ve o\u0308lc\u0327u\u0308lu\u0308 olma<\/li><li>I\u0307lgili mevzuatta o\u0308ngo\u0308ru\u0308len veya is\u0327lendikleri amac\u0327 ic\u0327in gerekli olan su\u0308re kadar muhafaza<\/li><\/ol><p>edilme<\/p><p><strong>2.3.YATED Taraf\u0131ndan \u0130\u015flenen Ki\u015fisel Veriler<\/strong><\/p><p><a href=\"http:\/\/bosphorusboatshow.com\">bosphorusboatshow.com<\/a> adresini ziyaret etmenizle birlikte ba\u015fta trafik verileriniz olmak \u00fczere a\u015fa\u011f\u0131da belirtilen ki\u015fisel verileriniz beraberinde a\u00e7\u0131klanan ama\u00e7larla ba\u011flant\u0131l\u0131, s\u0131n\u0131rl\u0131 ve \u00f6l\u00e7\u00fcl\u00fc bir \u015fekilde elektronik ve fiziki ortamlarda yaz\u0131l\u0131 olarak, otomatik ve otomatik olmayan y\u00f6ntemlerle \u015eirketimiz taraf\u0131ndan KVK mevzuat\u0131na uygun olarak i\u015flenmektedir.<\/p><table width=\"1200\"><tbody><tr><td width=\"236\"><strong>Ki\u015fisel Veriniz<\/strong><\/td><td width=\"208\"><strong>YATED\u2019E Ula\u015ft\u0131\u011f\u0131 Ortam<\/strong><\/td><\/tr><tr><td width=\"236\">Trafik verisi<\/td><td width=\"208\">\u00a0<a href=\"http:\/\/bosphorusboatshow.com\">bosphorusboatshow.com<\/a><\/td><\/tr><tr><td width=\"236\">Bilgi Almak Amac\u0131yla Ba\u015fvuran Ziyaret\u00e7i Ad Soyad ve Mail Bilgisi<\/td><td width=\"208\"><a href=\"http:\/\/bosphorusboatshow.com\">bosphorusboatshow.com<\/a><\/td><\/tr><tr><td width=\"236\">Bilet Sat\u0131n Al\u0131c\u0131s\u0131n\u0131n Ad Soyad, Mail, Adres, Telefon<\/td><td width=\"208\"><a href=\"https:\/\/ticket.edfuar.com\">https:\/\/ticket.edfuar.com<\/a><\/td><\/tr><tr><td width=\"236\">\u0130rtibat Ki\u015fileri Ad Soyad ve Mail Bilgisi<\/td><td width=\"208\">Yaz\u0131l\u0131 olmak suretiyle fiziki veya elektronik herhangi bir ortam \u00fczerinden<\/td><\/tr><\/tbody><\/table><p><strong>\u00a0<\/strong><\/p><p><strong>2.4. Kis\u0327isel Verilerin I\u0307s\u0327lenme Amac\u0327lar\u0131 <\/strong><\/p><p>S\u0327irket, kis\u0327isel verileri as\u0327ag\u0306\u0131da belirten amac\u0327larla is\u0327leyebilir ve bu amac\u0327lar\u0131n gerektirdig\u0306i su\u0308re boyunca ve her halu\u0308karda yasal mevzuat\u0131n gerektirdig\u0306i su\u0308reler boyunca muhafaza edilebilir:<\/p><ol><li>C\u0327evrimic\u0327i ziyaretc\u0327i verilerinin ilgili mevzuat uyar\u0131nca is\u0327lenmesi<\/li><li>Ziyaret\u00e7iler taraf\u0131ndan, I\u0307nternet Sitesi u\u0308zerinden bilet sat\u0131n alma is\u0327leminin gerc\u0327ekles\u0327tirilmesi,<\/li><li>Bilet sat\u0131n alma is\u0327lemlerinin gerc\u0327ekles\u0327tirilmesi, akdedilen\/akdedilmesi du\u0308s\u0327u\u0308nu\u0308len so\u0308zles\u0327melerin mu\u0308zakeresi, kurulmas\u0131 ve ifa edilmesi<\/li><li>I\u0307nternet Sitesi u\u0308zerinden sunulan hizmetlerin iyiles\u0327tirilmesi, yeni hizmetlerin gelis\u0327tirilmesi ve bununla ilgili bilgilendirme yap\u0131lmas\u0131<\/li><li>Mu\u0308s\u0327teri ile kurulan Mesafeli Bilet Sat\u0131s\u0327 So\u0308zles\u0327mesi\u2019nin ifas\u0131 amac\u0131yla, ticari elektronik ileti onay\u0131 mevcut mu\u0308s\u0327teriler ac\u0327\u0131s\u0131ndan; Mu\u0308s\u0327teri\/U\u0308ye tercih, beg\u0306eni ve ihtiyac\u0327lar\u0131n\u0131n analiz edilmesi ve Mu\u0308s\u0327teri\u2019ye o\u0308zel tan\u0131t\u0131m, f\u0131rsat ve fayda sag\u0306lanmas\u0131<\/li><li>So\u0308zles\u0327me ilis\u0327kisi kapsam\u0131nda, ticari elektronik ileti onay\u0131 mevcut mu\u0308s\u0327teriler ac\u0327\u0131s\u0131ndan; dog\u0306rudan pazarlama, dijital pazarlama, yeniden pazarlama, hedefleme, profilleme ve analiz yap\u0131larak Mu\u0308s\u0327teri\/U\u0308ye\u2019nin tercih ve beg\u0306enisi dog\u0306rultusunda uygulama, etkinliklerin ve hizmetlerin tan\u0131t\u0131m\u0131n\u0131n ve pazarlamas\u0131n\u0131n yap\u0131lmas\u0131<\/li><li>Mu\u0308s\u0327teri sorun ve s\u0327ikayetlerinin c\u0327o\u0308zu\u0308mlenmesi<\/li><li>Ticari elektronik ileti iznine istinaden Mu\u0308s\u0327teri ile iletis\u0327ime gec\u0327ilmesi, gerek I\u0307nternet Sitesi Mu\u0308s\u0327teri deneyiminin iyiles\u0327tirilmesi<\/li><li>Mu\u0308s\u0327teri\/Ziyaret\u00e7i memnuniyeti, sadakati ve bag\u0306l\u0131l\u0131g\u0306\u0131n\u0131n yarat\u0131lmas\u0131<\/li><li>Muhasebe ve sat\u0131n alma is\u0327lemlerinin takibi<\/li><li>S\u0327irket\u2019e ait I\u0307nternet Sitesi, ve dig\u0306er elektronik sistemlerin, sosyal medya hesaplar\u0131n\u0131n ve fiziki ortamlar\u0131n gu\u0308venlig\u0306inin sag\u0306lanmas\u0131<\/li><li>Hukuki su\u0308rec\u0327ler ve mevzuata uyum sag\u0306lanmas\u0131<\/li><li>I\u0307dari ve adli makamlardan gelen bilgi taleplerinin cevapland\u0131r\u0131lmas\u0131<\/li><li>Bilgi ve is\u0327lem gu\u0308venlig\u0306i sag\u0306lanmas\u0131 ve ko\u0308tu\u0308 amac\u0327l\u0131 kullan\u0131m\u0131n o\u0308nlenmesi<\/li><li>I\u0307nsan kaynaklar\u0131 politikalar\u0131 c\u0327erc\u0327evesinde is\u0327e al\u0131m su\u0308rec\u0327lerinin yu\u0308ru\u0308tu\u0308lmesi<\/li><li>I\u0307s\u0327lenen verilerin gu\u0308ncel ve dog\u0306ru olmas\u0131n\u0131n sag\u0306lanmas\u0131 amac\u0131yla gerekli du\u0308zenlemelerin yap\u0131lmas\u0131 ve say\u0131l\u0131 tu\u0308m bu su\u0308rec\u0327lere ilis\u0327kin faaliyetleri gerc\u0327ekles\u0327tirmek<\/li><li>Kanundan ve sair mevzuattan dog\u0306an saklama yu\u0308ku\u0308mlu\u0308lu\u0308klerinin yerine getirilmesi amac\u0131yla kullan\u0131lmaktad\u0131r.<\/li><\/ol><p><strong>\u00a0<\/strong><\/p><p><strong>2.3.Ki\u015fisel Verilerin Aktar\u0131m\u0131<\/strong><\/p><p>YATED, KVKK\u2019da say\u0131lan genel ilkelere ve KVKK\u2019n\u0131n 8. ve 9. maddelerinde o\u0308ngo\u0308ru\u0308len s\u0327artlara uymak, gerekli gu\u0308venlik tedbirlerini almak kayd\u0131yla, is\u0327bu Politika\u2019da belirtilen amac\u0327lar dog\u0306rultusunda, temin edilen kis\u0327isel verileri u\u0308c\u0327u\u0308ncu\u0308 kis\u0327ilere aktarabilir ve yurt ic\u0327inde bulunan sunucularda veya dig\u0306er elektronik ortamlarda is\u0327leyip saklayabilir. Kis\u0327isel verilerin aktar\u0131labileceg\u0306i u\u0308c\u0327u\u0308ncu\u0308 kis\u0327iler, veri sahibi ile S\u0327irket aras\u0131ndaki ilis\u0327kinin tu\u0308ru\u0308 (\/kullan\u0131c\u0131\/u\u0308yelik ilis\u0327kisi, is\u0327 ilis\u0327kisi vs.) ve nitelig\u0306ine ve bunun gibi c\u0327es\u0327itli fakto\u0308rlere bag\u0306l\u0131 olarak deg\u0306is\u0327ebilmekle birlikte, genel itibariyle as\u0327ag\u0306\u0131da go\u0308sterildig\u0306i gibidir: (i) Fuar Organizat\u00f6r\u00fc ve Veri \u0130\u015fleyen s\u0131fat\u0131yla ED FUARCILIK, (ii)YATED\u2019in c\u0327al\u0131s\u0327t\u0131g\u0306\u0131 saklama kurulus\u0327lar\u0131, platform sahipleri, veri yay\u0131n kurulus\u0327lar\u0131, alt yap\u0131 sag\u0306lay\u0131c\u0131lar ile dig\u0306er is\u0327 ortaklar\u0131, tedarikc\u0327ileri ve alt yu\u0308klenicileri, (iii) her nevi resmi merci ve kurumlar, (iv) tahsilat amac\u0131yla bankalar ve\/veya tahsilat ile yetkilendirilen kurumlar ve bu amac\u0327larla ilgili faaliyetin yu\u0308ru\u0308tu\u0308lebilmesi ic\u0327in c\u0327al\u0131s\u0327\u0131lan kurulus\u0327lar ve dig\u0306er ilgili u\u0308c\u0327u\u0308ncu\u0308 kis\u0327iler.<\/p><p><strong>2.4. Kis\u0327isel Verilerin Gu\u0308venlig\u0306i ve Denetimi <\/strong><\/p><p>KVKK madde 12 c\u0327erc\u0327evesinde, YATED, kis\u0327isel verilerin hukuka ayk\u0131r\u0131 olarak is\u0327lenmesini ve verilere hukuka ayk\u0131r\u0131 olarak eris\u0327ilmesini o\u0308nlemek ve kis\u0327isel verilerin muhafazas\u0131n\u0131 sag\u0306lamak amac\u0131yla \u201c<em>veri sorumlusu<\/em>\u201d olarak uygun gu\u0308venlik du\u0308zeyini temin etmeye yo\u0308nelik gerekli teknik ve idari tedbirleri almaktad\u0131r. Bu amac\u0327la, (i) kis\u0327isel verilerin korunmas\u0131 amac\u0131yla haz\u0131rlanan s\u0327irket ic\u0327i politika ve kurallara uygun s\u0327ekilde faaliyetlerin yu\u0308ru\u0308tu\u0308lmesi sag\u0306lanmakta, (ii) kis\u0327isel verilerin korunmas\u0131 mevzuat\u0131 ve bu dog\u0306rultuda haz\u0131rlanan S\u0327irket ic\u0327i politika ve kurallar konusunda c\u0327al\u0131s\u0327anlara gerekli eg\u0306itim ve sorumluluklar verilmekte, (iii) c\u0327al\u0131s\u0327anlardan ve S\u0327irket ad\u0131na veri is\u0327leyen kis\u0327i ve kurumlardan verilerin gizlilig\u0306i ve korunmas\u0131 ic\u0327in gerekli tu\u0308m beyan ve taahhu\u0308tler al\u0131nmakta, (iv) kis\u0327isel verilerin S\u0327irket ic\u0327inde ve d\u0131s\u0327\u0131nda gu\u0308venlig\u0306ini sag\u0306lamak ve verilere yetkisiz eris\u0327imi o\u0308nlemek u\u0308zere gerekli bilgi gu\u0308venlig\u0306i tedbirleri uygulanmakta, (v) kis\u0327isel verilerin korunmas\u0131 ic\u0327in olus\u0327turulan ic\u0327 politika ve kurallara uyulmas\u0131 sag\u0306lanmakta, (vi) al\u0131nan tedbirlerin yeterlilig\u0306i kontrol edilerek ihtiyac\u0327 ve imka\u0302nlara go\u0308re yeni veri gu\u0308venlig\u0306i sistemleri temin edilmekte ve\/veya mevcut veri gu\u0308venlig\u0306i sistemleri gelis\u0327tirilmekte, gu\u0308ncellenmekte ve bu hususta gerekli denetlemeler yap\u0131lmaktad\u0131r.<\/p><p><strong>2.5.Ki\u015fisel verileriniz yurtd\u0131\u015f\u0131na aktar\u0131l\u0131yor mu?<\/strong><\/p><p>\u015eirketimiz, internet sitesi arac\u0131l\u0131\u011f\u0131 ile toplad\u0131\u011f\u0131 ki\u015fisel verilerinizi yurtd\u0131\u015f\u0131na aktarmamaktad\u0131r.<\/p><p><strong>2.6.Ki\u015fisel verilerinizin g\u00fcvenli\u011fi imhas\u0131<\/strong><\/p><p>KVKK madde 12 c\u0327erc\u0327evesinde, YATED, kis\u0327isel verilerin hukuka ayk\u0131r\u0131 olarak is\u0327lenmesini ve verilere hukuka ayk\u0131r\u0131 olarak eris\u0327ilmesini o\u0308nlemek ve kis\u0327isel verilerin muhafazas\u0131n\u0131 sag\u0306lamak amac\u0131yla \u201c<em>veri sorumlusu<\/em>\u201d olarak uygun gu\u0308venlik du\u0308zeyini temin etmeye yo\u0308nelik gerekli teknik ve idari tedbirleri almaktad\u0131r.\u015eirketimiz, ki\u015fisel veri g\u00fcvenli\u011fi ve mahremiyetinin korunmas\u0131 konusunda olduk\u00e7a y\u00fcksek bir fark\u0131ndal\u0131\u011fa sahiptir.\u00a0 YATED bu do\u011frultuda, i\u015fbu Bilgilendirme Metni\u2019nde belirtilen siz ziyaret\u00e7ilerimize ait ki\u015fisel verileri ba\u015fta KVK mevzuat\u0131 olmak \u00fczere \u015eirketimiz\u2019in KVK Prosed\u00fcr\u00fc ile Ki\u015fisel Veri Saklama ve \u0130mha Politikas\u0131\u2019na uygun \u015fekilde g\u00fcvenli\u011fini sa\u011flayarak i\u015flemektedir.<\/p><p>Ki\u015fisel verileriniz, i\u015fbu Bilgilendirme Metni\u2019nde belirtilen i\u015fleme ama\u00e7lar\u0131 i\u00e7in gerekli olan s\u00fcre ve her hal\u00fckarda yasal d\u00fczenlemelerde belirtilen kanuni zamana\u015f\u0131m\u0131 s\u00fcreleri boyunca muhafaza edilmektedir. An\u0131lan s\u00fcrelerin sona ermesi halinde YATED, Ki\u015fisel Veri Saklama ve \u0130mha Politikas\u0131 do\u011frultusunda ki\u015fisel verilerinizi siler, yok eder veya anonim hale getirir.<\/p><p>Ki\u015fisel verilerinize yetkisiz ki\u015filer taraf\u0131ndan eri\u015filmesini, ki\u015fisel verilerinizin hatal\u0131 i\u015flenmesini, if\u015fa edilmesini, hukuka uygun olmayan sebeplerle de\u011fi\u015ftirilmesini\/silinmesini \u00f6nlemek, korunmas\u0131n\u0131 ve g\u00fcvenli\u011fini sa\u011flamak amac\u0131yla \u015eirketimiz KVK mevzuat\u0131 uyar\u0131nca a\u015fa\u011f\u0131daki teknik ve idari tedbirleri alm\u0131\u015ft\u0131r:<\/p><ul><li>Yetki Matrisi<\/li><li>Yetki Kontrol<\/li><li>Eri\u015fim Loglar\u0131<\/li><li>Kullan\u0131c\u0131 Hesap Y\u00f6netimi<\/li><li>A\u011f G\u00fcvenli\u011fi<\/li><li>Uygulama G\u00fcvenli\u011fi<\/li><li>\u015eifreleme<\/li><li>S\u0131zma Testi Sald\u0131r\u0131 Tespit ve \u00d6nleme Sistemleri<\/li><li>Log Kay\u0131tlar\u0131<\/li><li>Veri Maskeleme<\/li><li>Veri Kayb\u0131 \u00d6nleme Yaz\u0131l\u0131mlar\u0131<\/li><li>Yedekleme<\/li><li>G\u00fcvenlik Duvarlar\u0131<\/li><li>G\u00fcncel Anti-Vir\u00fcs Sistemleri<\/li><li>Silme, Yok Etme veya Anonim Hale Getirme<\/li><li>Anahtar Y\u00f6netimi<\/li><\/ul><p>KVK mevzuat\u0131 uyar\u0131nca gereken hallerde YATED sizleri ve Ki\u015fisel Verileri Koruma Kurulu\u2019nu derhal bilgilendirir.<\/p><p><strong>3.Bilgi Edinme Hakk\u0131n\u0131z<\/strong><\/p><p>KVK Kanunu\u2019nun 11. maddesi kapsam\u0131nda, \u015eirketimiz\u2019e ba\u015fvurarak ki\u015fisel verilerinizin; <strong><em>(i)<\/em><\/strong> i\u015flenip i\u015flenmedi\u011fini \u00f6\u011frenme; <strong><em>(ii)<\/em><\/strong> i\u015flenmi\u015fse buna ili\u015fkin bilgi talep etme, i\u015flenme amac\u0131n\u0131 ve amac\u0131na uygun kullan\u0131l\u0131p kullan\u0131lmad\u0131\u011f\u0131n\u0131 \u00f6\u011frenme, <strong><em>(iii)<\/em><\/strong> yurt i\u00e7inde \/ yurt d\u0131\u015f\u0131nda aktar\u0131ld\u0131\u011f\u0131 3. ki\u015fileri bilme, eksik \/ yanl\u0131\u015f i\u015flenmi\u015fse d\u00fczeltilmesini isteme; <strong><em>(iv)<\/em><\/strong> KVK Kanunu\u2019nun 7. maddesinde \u00f6ng\u00f6r\u00fclen \u015fartlar \u00e7er\u00e7evesinde silinmesini \/ yok edilmesini isteme; <strong><em>(v)<\/em><\/strong> ki\u015fisel verilerinizin KVK Kanunu\u2019nun 7. maddesi kapsam\u0131nda silinmesi ve yok edilmesi ve eksik \/ yanl\u0131\u015f i\u015flenmi\u015f ki\u015fisel verilerinin d\u00fczeltilmesi taleplerinin, ki\u015fisel verilerin aktar\u0131ld\u0131\u011f\u0131 \u00fc\u00e7\u00fcnc\u00fc ki\u015filere bildirilmesini isteme; <strong><em>(vi)<\/em><\/strong> m\u00fcnhas\u0131ran otomatik sistemler ile analiz edilmesi nedeniyle aleyhinize bir sonucun ortaya \u00e7\u0131kmas\u0131na itiraz etme, <strong><em>(vii)<\/em><\/strong> kanuna ayk\u0131r\u0131 olarak i\u015flenmesi sebebiyle zarara u\u011framan\u0131z h\u00e2linde zarar\u0131n giderilmesini talep etme haklar\u0131na sahip oldu\u011funuzu bildiririz. \u0130lgili taleplerinizi <u>(<\/u>bosphorusboatshow.com\/bbs-kvkk-basvuru-formu<u>)<\/u> arac\u0131l\u0131\u011f\u0131 ile <a href=\"mailto:info@bosphorusboatshow.com\">info@bosphorusboatshow.com<\/a> veya Marinturk \u0130stanbul City Port 1. Kat D Blok D:5 34890 Pendik\/\u0130stanbul\/ T\u00fcrkiye adresine yaz\u0131l\u0131 olarak ba\u015fvurmak suretiyle \u015eirketimiz\u2019e iletebilirsiniz.<\/p><p>\u0130\u015fbu Bilgilendirme Metni, de\u011fi\u015fen s\u00fcre\u00e7lerimiz dolay\u0131s\u0131yla KVK mevzuat\u0131na uyum sa\u011flamak amac\u0131yla g\u00fcncellenebilecektir. Ger\u00e7ekle\u015febilecek g\u00fcncellemeler i\u00e7in sitemizi ziyaret etmenizi rica ederiz.<\/p><p><strong>\u00a0\u00a0\u00a0 \u00a0\u00a0YATED Fuarc\u0131l\u0131k A.\u015e.<\/strong><\/p>\t\t\t\t\t\t\t\t<\/div>\n\t\t\t\t<\/div>\n\t\t\t\t\t<\/div>\n\t\t<\/div>\n\t\t\t\t\t<\/div>\n\t\t<\/section>\n\t\t\t\t<section data-particle_enable=\"false\" data-particle-mobile-disabled=\"false\" class=\"elementor-section elementor-top-section elementor-element elementor-element-631350e elementor-section-boxed elementor-section-height-default elementor-section-height-default sc_fly_static\" data-id=\"631350e\" data-element_type=\"section\" data-e-type=\"section\">\n\t\t\t\t\t\t<div class=\"elementor-container elementor-column-gap-extended\">\n\t\t\t\t\t<div class=\"elementor-column elementor-col-100 elementor-top-column elementor-element elementor-element-6a4da12 sc_inner_width_none sc_content_align_inherit sc_layouts_column_icons_position_left sc_fly_static\" data-id=\"6a4da12\" data-element_type=\"column\" data-e-type=\"column\">\n\t\t\t<div class=\"elementor-widget-wrap elementor-element-populated\">\n\t\t\t\t\t\t<div class=\"elementor-element elementor-element-76e16d1 sc_height_large sc_fly_static elementor-widget elementor-widget-spacer\" data-id=\"76e16d1\" data-element_type=\"widget\" data-e-type=\"widget\" data-widget_type=\"spacer.default\">\n\t\t\t\t<div class=\"elementor-widget-container\">\n\t\t\t\t\t\t\t<div class=\"elementor-spacer\">\n\t\t\t<div class=\"elementor-spacer-inner\"><\/div>\n\t\t<\/div>\n\t\t\t\t\t\t<\/div>\n\t\t\t\t<\/div>\n\t\t\t\t\t<\/div>\n\t\t<\/div>\n\t\t\t\t\t<\/div>\n\t\t<\/section>\n\t\t\t\t<\/div>\n\t\t","protected":false},"excerpt":{"rendered":"<p>K\u0130\u015e\u0130SEL VER\u0130LER\u0130N TOPLANMASI VE \u0130\u015eLENMES\u0130NE \u0130L\u0130\u015eK\u0130N \u00a0AYDINLATMA METN\u0130 \u00a0 1.G\u0130R\u0130\u015e YATED Fuarc\u0131l\u0131k A.\u015e. (\u201c\u015eirketimiz\u201d veya \u201cYATED\u201d) olarak, d\u00fczenledi\u011fimiz Bosphorus Boat Show Deniz Fuar\u0131\u2019na ait resmi internet sitemiz olan \u00a0bosphorusboatshow.com adresini&hellip;<\/p>\n","protected":false},"author":1,"featured_media":0,"parent":0,"menu_order":0,"comment_status":"closed","ping_status":"closed","template":"","meta":{"inline_featured_image":false,"footnotes":""},"class_list":["post-6279","page","type-page","status-publish","hentry"],"_links":{"self":[{"href":"https:\/\/kara.bosphorusboatshow.com\/tr\/wp-json\/wp\/v2\/pages\/6279","targetHints":{"allow":["GET"]}}],"collection":[{"href":"https:\/\/kara.bosphorusboatshow.com\/tr\/wp-json\/wp\/v2\/pages"}],"about":[{"href":"https:\/\/kara.bosphorusboatshow.com\/tr\/wp-json\/wp\/v2\/types\/page"}],"author":[{"embeddable":true,"href":"https:\/\/kara.bosphorusboatshow.com\/tr\/wp-json\/wp\/v2\/users\/1"}],"replies":[{"embeddable":true,"href":"https:\/\/kara.bosphorusboatshow.com\/tr\/wp-json\/wp\/v2\/comments?post=6279"}],"version-history":[{"count":4,"href":"https:\/\/kara.bosphorusboatshow.com\/tr\/wp-json\/wp\/v2\/pages\/6279\/revisions"}],"predecessor-version":[{"id":6286,"href":"https:\/\/kara.bosphorusboatshow.com\/tr\/wp-json\/wp\/v2\/pages\/6279\/revisions\/6286"}],"wp:attachment":[{"href":"https:\/\/kara.bosphorusboatshow.com\/tr\/wp-json\/wp\/v2\/media?parent=6279"}],"curies":[{"name":"wp","href":"https:\/\/api.w.org\/{rel}","templated":true}]}}