{"id":6288,"date":"2023-10-17T10:32:02","date_gmt":"2023-10-17T07:32:02","guid":{"rendered":"https:\/\/deniz.bosphorusboatshow.com\/?page_id=6288"},"modified":"2023-10-17T10:33:54","modified_gmt":"2023-10-17T07:33:54","slug":"acik-riza-metni","status":"publish","type":"page","link":"https:\/\/kara.bosphorusboatshow.com\/tr\/acik-riza-metni\/","title":{"rendered":"A\u00e7\u0131k R\u0131za Metni"},"content":{"rendered":"\t\t<div data-elementor-type=\"wp-post\" data-elementor-id=\"6288\" class=\"elementor elementor-6288\" data-elementor-post-type=\"page\">\n\t\t\t\t\t\t<section data-particle_enable=\"false\" data-particle-mobile-disabled=\"false\" class=\"elementor-section elementor-top-section elementor-element elementor-element-d6ba234 elementor-section-boxed elementor-section-height-default elementor-section-height-default sc_fly_static\" data-id=\"d6ba234\" data-element_type=\"section\" data-e-type=\"section\">\n\t\t\t\t\t\t<div class=\"elementor-container elementor-column-gap-extended\">\n\t\t\t\t\t<div class=\"elementor-column elementor-col-100 elementor-top-column elementor-element elementor-element-24552e5 sc_inner_width_none sc_content_align_inherit sc_layouts_column_icons_position_left sc_fly_static\" data-id=\"24552e5\" data-element_type=\"column\" data-e-type=\"column\">\n\t\t\t<div class=\"elementor-widget-wrap elementor-element-populated\">\n\t\t\t\t\t\t<div class=\"elementor-element elementor-element-b9d8129 sc_height_large sc_fly_static elementor-widget elementor-widget-spacer\" data-id=\"b9d8129\" data-element_type=\"widget\" data-e-type=\"widget\" data-widget_type=\"spacer.default\">\n\t\t\t\t<div class=\"elementor-widget-container\">\n\t\t\t\t\t\t\t<div class=\"elementor-spacer\">\n\t\t\t<div class=\"elementor-spacer-inner\"><\/div>\n\t\t<\/div>\n\t\t\t\t\t\t<\/div>\n\t\t\t\t<\/div>\n\t\t\t\t\t<\/div>\n\t\t<\/div>\n\t\t\t\t\t<\/div>\n\t\t<\/section>\n\t\t\t\t<section data-particle_enable=\"false\" data-particle-mobile-disabled=\"false\" class=\"elementor-section elementor-top-section elementor-element elementor-element-c6ea189 elementor-section-boxed elementor-section-height-default elementor-section-height-default sc_fly_static\" data-id=\"c6ea189\" data-element_type=\"section\" data-e-type=\"section\">\n\t\t\t\t\t\t<div class=\"elementor-container elementor-column-gap-extended\">\n\t\t\t\t\t<div class=\"elementor-column elementor-col-100 elementor-top-column elementor-element elementor-element-cdc9f71 sc_inner_width_none sc_content_align_inherit sc_layouts_column_icons_position_left sc_fly_static\" data-id=\"cdc9f71\" data-element_type=\"column\" data-e-type=\"column\">\n\t\t\t<div class=\"elementor-widget-wrap elementor-element-populated\">\n\t\t\t\t\t\t<div class=\"elementor-element elementor-element-afb944e sc_fly_static elementor-widget elementor-widget-heading\" data-id=\"afb944e\" data-element_type=\"widget\" data-e-type=\"widget\" data-widget_type=\"heading.default\">\n\t\t\t\t<div class=\"elementor-widget-container\">\n\t\t\t\t\t<h4 class=\"elementor-heading-title elementor-size-default\">6698 Say\u0131l\u0131 Ki\u015fisel Verilerin Korunmas\u0131 Kanunu \u00c7er\u00e7evesinde A\u00e7\u0131k R\u0131za Metni<\/h4>\t\t\t\t<\/div>\n\t\t\t\t<\/div>\n\t\t\t\t<div class=\"elementor-element elementor-element-d8640bc elementor-widget-divider--view-line sc_fly_static elementor-widget elementor-widget-divider\" data-id=\"d8640bc\" data-element_type=\"widget\" data-e-type=\"widget\" data-widget_type=\"divider.default\">\n\t\t\t\t<div class=\"elementor-widget-container\">\n\t\t\t\t\t\t\t<div class=\"elementor-divider\">\n\t\t\t<span class=\"elementor-divider-separator\">\n\t\t\t\t\t\t<\/span>\n\t\t<\/div>\n\t\t\t\t\t\t<\/div>\n\t\t\t\t<\/div>\n\t\t\t\t\t<\/div>\n\t\t<\/div>\n\t\t\t\t\t<\/div>\n\t\t<\/section>\n\t\t\t\t<section data-particle_enable=\"false\" data-particle-mobile-disabled=\"false\" class=\"elementor-section elementor-top-section elementor-element elementor-element-c2ddcf8 elementor-section-boxed elementor-section-height-default elementor-section-height-default sc_fly_static\" data-id=\"c2ddcf8\" data-element_type=\"section\" data-e-type=\"section\">\n\t\t\t\t\t\t<div class=\"elementor-container elementor-column-gap-extended\">\n\t\t\t\t\t<div class=\"elementor-column elementor-col-100 elementor-top-column elementor-element elementor-element-b0f4cc0 sc_inner_width_none sc_content_align_inherit sc_layouts_column_icons_position_left sc_fly_static\" data-id=\"b0f4cc0\" data-element_type=\"column\" data-e-type=\"column\">\n\t\t\t<div class=\"elementor-widget-wrap elementor-element-populated\">\n\t\t\t\t\t\t<div class=\"elementor-element elementor-element-6b5cb2a sc_fly_static elementor-widget elementor-widget-text-editor\" data-id=\"6b5cb2a\" data-element_type=\"widget\" data-e-type=\"widget\" data-widget_type=\"text-editor.default\">\n\t\t\t\t<div class=\"elementor-widget-container\">\n\t\t\t\t\t\t\t\t\t<p>\u0130\u015fbu\u00a0<strong>A\u00e7\u0131k R\u0131za Metni<\/strong>ni imzalayarak, a\u015fa\u011f\u0131da belirtilen kategorilere ili\u015fkin ki\u015fisel verilerimin\u00a0YATED Fuarc\u0131l\u0131k A.\u015e.\u2019nin (YATED) veya yetkilendirdi\u011fi \u00fc\u00e7\u00fcnc\u00fc \u015fah\u0131slar taraf\u0131ndan gizlilik politikalar\u0131na uygun olarak burada belirtilen ama\u00e7larla i\u015flenmesine, ki\u015fisel verilerimin yurt i\u00e7inde aktar\u0131lmas\u0131na kesin olarak onay veriyorum.<\/p><p>\u0130\u015fbu A\u00e7\u0131k R\u0131za Metni kapsam\u0131nda \u015eirket, ki\u015fisel verilerimi, sundu\u011fumuz \u00fcr\u00fcn ile hizmetleri sa\u011flamak, geli\u015ftirmek ve faaliyetlerini y\u00fcr\u00fctmek amac\u0131yla\u00a0<strong>(\u201cAma\u00e7\u201d)\u00a0<\/strong>i\u015fleyebilir ve yurtd\u0131\u015f\u0131na aktarabilir.<\/p><p>\u0130\u015fbu A\u00e7\u0131k R\u0131za Metni, \u2018ama\u00e7la s\u0131n\u0131rl\u0131l\u0131k ilkesi\u2019 gere\u011fince, ki\u015fisel verilerimin sadece \u015eirket\u2019in ger\u00e7ekle\u015ftirdi\u011fi faaliyetler kapsam\u0131nda yukar\u0131da belirtilen ama\u00e7lar do\u011frultusunda i\u015flenmesini, i\u015f ortaklar\u0131 ile veya servis sa\u011flay\u0131c\u0131lar\u0131na aktar\u0131lmas\u0131n\u0131 i\u00e7ermektedir.<\/p><p><a href=\"https:\/\/www.mevzuat.gov.tr\/mevzuatmetin\/1.5.6698.pdf\">6698 say\u0131l\u0131 Kanun<\/a>\u2019daki belirtilen haklar\u0131mdan birini kullanmak istedi\u011fimde, Kanun hakk\u0131nda ya da ki\u015fisel verilerimin i\u015flenmesi hususunda herhangi bir sorum oldu\u011fu takdirde, \u015eirket ile irtibata ge\u00e7ebilirim.<\/p><p><strong>\u0130\u015fbu A\u00e7\u0131k R\u0131za kapsam\u0131nda \u201cki\u015fisel veri\u201d kavram\u0131 a\u015fa\u011f\u0131daki bilgileri kapsamaktad\u0131r<\/strong>:<\/p><ul><li>Ad, Soy Ad,<\/li><li>E-mail Adresi,<\/li><li>Telefon Numaras\u0131,<\/li><li>Mesaj.<\/li><\/ul><p>Ki\u015fisel verileriniz, Kanunda a\u00e7\u0131k\u00e7a belirtilmedik\u00e7e, verinin saklanmas\u0131 i\u00e7in ge\u00e7erli sebebin varl\u0131\u011f\u0131n\u0131n devam etmesi haline kadar saklanacakt\u0131r. Ki\u015fisel verinin korunmas\u0131na ve i\u015flenmesine art\u0131k gerek kalmamas\u0131 durumunda, o veri silinecek, yok edilecek veya anonim hale getirilecektir.<\/p>\t\t\t\t\t\t\t\t<\/div>\n\t\t\t\t<\/div>\n\t\t\t\t\t<\/div>\n\t\t<\/div>\n\t\t\t\t\t<\/div>\n\t\t<\/section>\n\t\t\t\t<section data-particle_enable=\"false\" data-particle-mobile-disabled=\"false\" class=\"elementor-section elementor-top-section elementor-element elementor-element-631350e elementor-section-boxed elementor-section-height-default elementor-section-height-default sc_fly_static\" data-id=\"631350e\" data-element_type=\"section\" data-e-type=\"section\">\n\t\t\t\t\t\t<div class=\"elementor-container elementor-column-gap-extended\">\n\t\t\t\t\t<div class=\"elementor-column elementor-col-100 elementor-top-column elementor-element elementor-element-6a4da12 sc_inner_width_none sc_content_align_inherit sc_layouts_column_icons_position_left sc_fly_static\" data-id=\"6a4da12\" data-element_type=\"column\" data-e-type=\"column\">\n\t\t\t<div class=\"elementor-widget-wrap elementor-element-populated\">\n\t\t\t\t\t\t<div class=\"elementor-element elementor-element-76e16d1 sc_height_large sc_fly_static elementor-widget elementor-widget-spacer\" data-id=\"76e16d1\" data-element_type=\"widget\" data-e-type=\"widget\" data-widget_type=\"spacer.default\">\n\t\t\t\t<div class=\"elementor-widget-container\">\n\t\t\t\t\t\t\t<div class=\"elementor-spacer\">\n\t\t\t<div class=\"elementor-spacer-inner\"><\/div>\n\t\t<\/div>\n\t\t\t\t\t\t<\/div>\n\t\t\t\t<\/div>\n\t\t\t\t\t<\/div>\n\t\t<\/div>\n\t\t\t\t\t<\/div>\n\t\t<\/section>\n\t\t\t\t<\/div>\n\t\t","protected":false},"excerpt":{"rendered":"<p>6698 Say\u0131l\u0131 Ki\u015fisel Verilerin Korunmas\u0131 Kanunu \u00c7er\u00e7evesinde A\u00e7\u0131k R\u0131za Metni \u0130\u015fbu\u00a0A\u00e7\u0131k R\u0131za Metnini imzalayarak, a\u015fa\u011f\u0131da belirtilen kategorilere ili\u015fkin ki\u015fisel verilerimin\u00a0YATED Fuarc\u0131l\u0131k A.\u015e.\u2019nin (YATED) veya yetkilendirdi\u011fi \u00fc\u00e7\u00fcnc\u00fc \u015fah\u0131slar taraf\u0131ndan gizlilik politikalar\u0131na&hellip;<\/p>\n","protected":false},"author":1,"featured_media":0,"parent":0,"menu_order":0,"comment_status":"closed","ping_status":"closed","template":"","meta":{"inline_featured_image":false,"footnotes":""},"class_list":["post-6288","page","type-page","status-publish","hentry"],"_links":{"self":[{"href":"https:\/\/kara.bosphorusboatshow.com\/tr\/wp-json\/wp\/v2\/pages\/6288","targetHints":{"allow":["GET"]}}],"collection":[{"href":"https:\/\/kara.bosphorusboatshow.com\/tr\/wp-json\/wp\/v2\/pages"}],"about":[{"href":"https:\/\/kara.bosphorusboatshow.com\/tr\/wp-json\/wp\/v2\/types\/page"}],"author":[{"embeddable":true,"href":"https:\/\/kara.bosphorusboatshow.com\/tr\/wp-json\/wp\/v2\/users\/1"}],"replies":[{"embeddable":true,"href":"https:\/\/kara.bosphorusboatshow.com\/tr\/wp-json\/wp\/v2\/comments?post=6288"}],"version-history":[{"count":4,"href":"https:\/\/kara.bosphorusboatshow.com\/tr\/wp-json\/wp\/v2\/pages\/6288\/revisions"}],"predecessor-version":[{"id":6294,"href":"https:\/\/kara.bosphorusboatshow.com\/tr\/wp-json\/wp\/v2\/pages\/6288\/revisions\/6294"}],"wp:attachment":[{"href":"https:\/\/kara.bosphorusboatshow.com\/tr\/wp-json\/wp\/v2\/media?parent=6288"}],"curies":[{"name":"wp","href":"https:\/\/api.w.org\/{rel}","templated":true}]}}