{"id":6379,"date":"2023-10-19T13:17:17","date_gmt":"2023-10-19T10:17:17","guid":{"rendered":"https:\/\/deniz.bosphorusboatshow.com\/?page_id=6379"},"modified":"2023-10-19T13:30:08","modified_gmt":"2023-10-19T10:30:08","slug":"basin-bulteni","status":"publish","type":"page","link":"https:\/\/kara.bosphorusboatshow.com\/tr\/basin-bulteni\/","title":{"rendered":"Bas\u0131n B\u00fclteni"},"content":{"rendered":"\t\t<div data-elementor-type=\"wp-post\" data-elementor-id=\"6379\" class=\"elementor elementor-6379\" data-elementor-post-type=\"page\">\n\t\t\t\t\t\t<section data-particle_enable=\"false\" data-particle-mobile-disabled=\"false\" class=\"elementor-section elementor-top-section elementor-element elementor-element-d6ba234 elementor-section-boxed elementor-section-height-default elementor-section-height-default sc_fly_static\" data-id=\"d6ba234\" data-element_type=\"section\" data-e-type=\"section\">\n\t\t\t\t\t\t<div class=\"elementor-container elementor-column-gap-extended\">\n\t\t\t\t\t<div class=\"elementor-column elementor-col-100 elementor-top-column elementor-element elementor-element-24552e5 sc_inner_width_none sc_content_align_inherit sc_layouts_column_icons_position_left sc_fly_static\" data-id=\"24552e5\" data-element_type=\"column\" data-e-type=\"column\">\n\t\t\t<div class=\"elementor-widget-wrap elementor-element-populated\">\n\t\t\t\t\t\t<div class=\"elementor-element elementor-element-b9d8129 sc_height_large sc_fly_static elementor-widget elementor-widget-spacer\" data-id=\"b9d8129\" data-element_type=\"widget\" data-e-type=\"widget\" data-widget_type=\"spacer.default\">\n\t\t\t\t<div class=\"elementor-widget-container\">\n\t\t\t\t\t\t\t<div class=\"elementor-spacer\">\n\t\t\t<div class=\"elementor-spacer-inner\"><\/div>\n\t\t<\/div>\n\t\t\t\t\t\t<\/div>\n\t\t\t\t<\/div>\n\t\t\t\t\t<\/div>\n\t\t<\/div>\n\t\t\t\t\t<\/div>\n\t\t<\/section>\n\t\t\t\t<section data-particle_enable=\"false\" data-particle-mobile-disabled=\"false\" class=\"elementor-section elementor-top-section elementor-element elementor-element-e7c8c5d elementor-section-boxed elementor-section-height-default elementor-section-height-default sc_fly_static\" data-id=\"e7c8c5d\" data-element_type=\"section\" data-e-type=\"section\">\n\t\t\t\t\t\t<div class=\"elementor-container elementor-column-gap-extended\">\n\t\t\t\t\t<div class=\"elementor-column elementor-col-100 elementor-top-column elementor-element elementor-element-b4fb9d0 sc_inner_width_none sc_content_align_inherit sc_layouts_column_icons_position_left sc_fly_static\" data-id=\"b4fb9d0\" data-element_type=\"column\" data-e-type=\"column\">\n\t\t\t<div class=\"elementor-widget-wrap elementor-element-populated\">\n\t\t\t\t\t\t<div class=\"elementor-element elementor-element-f2f30cc sc_fly_static elementor-widget elementor-widget-text-editor\" data-id=\"f2f30cc\" data-element_type=\"widget\" data-e-type=\"widget\" data-widget_type=\"text-editor.default\">\n\t\t\t\t<div class=\"elementor-widget-container\">\n\t\t\t\t\t\t\t\t\t<p>Bosphorus Boat Show Deniz Fuar\u0131<br \/><br \/>21 Ekim Cumartesi G\u00fcn\u00fc Kap\u0131lar\u0131n\u0131 A\u00e7maya Haz\u0131rlan\u0131yor&#8230;<br \/><br \/>Bosphorus Boat Show; Tekne, Tekne Ekipman ve Aksesuarlar\u0131 Fuar\u0131, ED Fuarc\u0131l\u0131k taraf\u0131ndan organize edilen YATED Fuarc\u0131l\u0131k i\u015fbirli\u011fi ile ve T\u00fcrkiye Odalar ve Borsalar Birli\u011fi izni ile 21-29 Ekim 2023 tarihlerinde MarinTurk \u0130stanbul City Port ev sahipli\u011finde, T\u00fcrkiye Gemi \u0130n\u015fa Sanayicileri Birli\u011fi (G\u0130SB\u0130R)\u2019nin ana sponsorlu\u011funda deniz \u00fczerinde bulu\u015fmaya haz\u0131rlan\u0131yor.<br \/><br \/>T\u00fcrkiye\u2019nin \u00f6nde gelen tersanelerinin en iddial\u0131 modellerini ve d\u00fcnyaca \u00fcnl\u00fc yat markalar\u0131n\u0131n yeni model teknelerini sergileyecekleri fuar 21 Ekim 2023 tarihinde kap\u0131lar\u0131n\u0131 a\u00e7acak. 150\u2019nin \u00fczerinde firman\u0131n kat\u0131laca\u011f\u0131 fuarda, 500\u2018den fazla marka temsil edilecek olup, deniz \u00fczerinde 500\u2019den fazla ve karada 150\u2019den fazla tekne deniz severlerin be\u011fenisine sunulacakt\u0131r. Birbirinden l\u00fcks d\u00fcnyan\u0131n en b\u00fcy\u00fck tekne markalar\u0131, T\u00fcrkiye\u2019nin en b\u00fcy\u00fck yerli tekne \u00fcreticileri, tekne ve yat in\u015fas\u0131nda kullan\u0131lan son teknolojilerin de g\u00f6r\u00fclebilece\u011fi bot, motor, ekipman ve aksesuar taraf\u0131nda geni\u015f bir yelpaze ve \u015f\u0131k tasar\u0131mlar da ziyaret\u00e7ileri bekliyor..<\/p>\t\t\t\t\t\t\t\t<\/div>\n\t\t\t\t<\/div>\n\t\t\t\t\t<\/div>\n\t\t<\/div>\n\t\t\t\t\t<\/div>\n\t\t<\/section>\n\t\t\t\t<section data-particle_enable=\"false\" data-particle-mobile-disabled=\"false\" class=\"elementor-section elementor-top-section elementor-element elementor-element-5b648e8 elementor-section-boxed elementor-section-height-default elementor-section-height-default sc_fly_static\" data-id=\"5b648e8\" data-element_type=\"section\" data-e-type=\"section\">\n\t\t\t\t\t\t<div class=\"elementor-container elementor-column-gap-extended\">\n\t\t\t\t\t<div class=\"elementor-column elementor-col-100 elementor-top-column elementor-element elementor-element-12c6387 sc_inner_width_none sc_content_align_inherit sc_layouts_column_icons_position_left sc_fly_static\" data-id=\"12c6387\" data-element_type=\"column\" data-e-type=\"column\">\n\t\t\t<div class=\"elementor-widget-wrap elementor-element-populated\">\n\t\t\t\t\t\t<div class=\"elementor-element elementor-element-7904b10 sc_height_small sc_fly_static elementor-widget elementor-widget-spacer\" data-id=\"7904b10\" data-element_type=\"widget\" data-e-type=\"widget\" data-widget_type=\"spacer.default\">\n\t\t\t\t<div class=\"elementor-widget-container\">\n\t\t\t\t\t\t\t<div class=\"elementor-spacer\">\n\t\t\t<div class=\"elementor-spacer-inner\"><\/div>\n\t\t<\/div>\n\t\t\t\t\t\t<\/div>\n\t\t\t\t<\/div>\n\t\t\t\t\t<\/div>\n\t\t<\/div>\n\t\t\t\t\t<\/div>\n\t\t<\/section>\n\t\t\t\t<section data-particle_enable=\"false\" data-particle-mobile-disabled=\"false\" class=\"elementor-section elementor-top-section elementor-element elementor-element-7f417de elementor-section-boxed elementor-section-height-default elementor-section-height-default sc_fly_static\" data-id=\"7f417de\" data-element_type=\"section\" data-e-type=\"section\">\n\t\t\t\t\t\t<div class=\"elementor-container elementor-column-gap-extended\">\n\t\t\t\t\t<div class=\"elementor-column elementor-col-100 elementor-top-column elementor-element elementor-element-cdcaa90 sc_inner_width_none sc_content_align_inherit sc_layouts_column_icons_position_left sc_fly_static\" data-id=\"cdcaa90\" data-element_type=\"column\" data-e-type=\"column\" data-settings=\"{&quot;background_background&quot;:&quot;classic&quot;}\">\n\t\t\t<div class=\"elementor-widget-wrap elementor-element-populated\">\n\t\t\t\t\t<div class=\"elementor-background-overlay\"><\/div>\n\t\t\t\t\t\t<div class=\"elementor-element elementor-element-e48a409 sc_fly_static elementor-widget elementor-widget-spacer\" data-id=\"e48a409\" data-element_type=\"widget\" data-e-type=\"widget\" data-widget_type=\"spacer.default\">\n\t\t\t\t<div class=\"elementor-widget-container\">\n\t\t\t\t\t\t\t<div class=\"elementor-spacer\">\n\t\t\t<div class=\"elementor-spacer-inner\"><\/div>\n\t\t<\/div>\n\t\t\t\t\t\t<\/div>\n\t\t\t\t<\/div>\n\t\t\t\t\t<\/div>\n\t\t<\/div>\n\t\t\t\t\t<\/div>\n\t\t<\/section>\n\t\t\t\t<section data-particle_enable=\"false\" data-particle-mobile-disabled=\"false\" class=\"elementor-section elementor-top-section elementor-element elementor-element-c15276b elementor-section-boxed elementor-section-height-default elementor-section-height-default sc_fly_static\" data-id=\"c15276b\" data-element_type=\"section\" data-e-type=\"section\">\n\t\t\t\t\t\t<div class=\"elementor-container elementor-column-gap-extended\">\n\t\t\t\t\t<div class=\"elementor-column elementor-col-100 elementor-top-column elementor-element elementor-element-c6fe427 sc_inner_width_none sc_content_align_inherit sc_layouts_column_icons_position_left sc_fly_static\" data-id=\"c6fe427\" data-element_type=\"column\" data-e-type=\"column\">\n\t\t\t<div class=\"elementor-widget-wrap elementor-element-populated\">\n\t\t\t\t\t\t<div class=\"elementor-element elementor-element-5de6036 sc_height_large sc_fly_static elementor-widget elementor-widget-spacer\" data-id=\"5de6036\" data-element_type=\"widget\" data-e-type=\"widget\" data-widget_type=\"spacer.default\">\n\t\t\t\t<div class=\"elementor-widget-container\">\n\t\t\t\t\t\t\t<div class=\"elementor-spacer\">\n\t\t\t<div class=\"elementor-spacer-inner\"><\/div>\n\t\t<\/div>\n\t\t\t\t\t\t<\/div>\n\t\t\t\t<\/div>\n\t\t\t\t\t<\/div>\n\t\t<\/div>\n\t\t\t\t\t<\/div>\n\t\t<\/section>\n\t\t\t\t<\/div>\n\t\t","protected":false},"excerpt":{"rendered":"<p>Bosphorus Boat Show Deniz Fuar\u0131 21 Ekim Cumartesi G\u00fcn\u00fc Kap\u0131lar\u0131n\u0131 A\u00e7maya Haz\u0131rlan\u0131yor&#8230; Bosphorus Boat Show; Tekne, Tekne Ekipman ve Aksesuarlar\u0131 Fuar\u0131, ED Fuarc\u0131l\u0131k taraf\u0131ndan organize edilen YATED Fuarc\u0131l\u0131k i\u015fbirli\u011fi ile&hellip;<\/p>\n","protected":false},"author":1,"featured_media":0,"parent":0,"menu_order":0,"comment_status":"closed","ping_status":"closed","template":"","meta":{"inline_featured_image":false,"footnotes":""},"class_list":["post-6379","page","type-page","status-publish","hentry"],"_links":{"self":[{"href":"https:\/\/kara.bosphorusboatshow.com\/tr\/wp-json\/wp\/v2\/pages\/6379","targetHints":{"allow":["GET"]}}],"collection":[{"href":"https:\/\/kara.bosphorusboatshow.com\/tr\/wp-json\/wp\/v2\/pages"}],"about":[{"href":"https:\/\/kara.bosphorusboatshow.com\/tr\/wp-json\/wp\/v2\/types\/page"}],"author":[{"embeddable":true,"href":"https:\/\/kara.bosphorusboatshow.com\/tr\/wp-json\/wp\/v2\/users\/1"}],"replies":[{"embeddable":true,"href":"https:\/\/kara.bosphorusboatshow.com\/tr\/wp-json\/wp\/v2\/comments?post=6379"}],"version-history":[{"count":10,"href":"https:\/\/kara.bosphorusboatshow.com\/tr\/wp-json\/wp\/v2\/pages\/6379\/revisions"}],"predecessor-version":[{"id":6406,"href":"https:\/\/kara.bosphorusboatshow.com\/tr\/wp-json\/wp\/v2\/pages\/6379\/revisions\/6406"}],"wp:attachment":[{"href":"https:\/\/kara.bosphorusboatshow.com\/tr\/wp-json\/wp\/v2\/media?parent=6379"}],"curies":[{"name":"wp","href":"https:\/\/api.w.org\/{rel}","templated":true}]}}