{"id":7521,"date":"2024-01-06T00:04:22","date_gmt":"2024-01-05T21:04:22","guid":{"rendered":"https:\/\/kara.bosphorusboatshow.com\/?page_id=7521"},"modified":"2024-01-15T15:07:03","modified_gmt":"2024-01-15T12:07:03","slug":"teslimat-ve-iade-sartlari","status":"publish","type":"page","link":"https:\/\/kara.bosphorusboatshow.com\/tr\/teslimat-ve-iade-sartlari\/","title":{"rendered":"Teslimat ve \u0130ade \u015eartlar\u0131"},"content":{"rendered":"\t\t<div data-elementor-type=\"wp-post\" data-elementor-id=\"7521\" class=\"elementor elementor-7521\" data-elementor-post-type=\"page\">\n\t\t\t\t\t\t<section data-particle_enable=\"false\" data-particle-mobile-disabled=\"false\" class=\"elementor-section elementor-top-section elementor-element elementor-element-d6ba234 elementor-section-boxed elementor-section-height-default elementor-section-height-default sc_fly_static\" data-id=\"d6ba234\" data-element_type=\"section\" data-e-type=\"section\">\n\t\t\t\t\t\t<div class=\"elementor-container elementor-column-gap-extended\">\n\t\t\t\t\t<div class=\"elementor-column elementor-col-100 elementor-top-column elementor-element elementor-element-24552e5 sc_inner_width_none sc_content_align_inherit sc_layouts_column_icons_position_left sc_fly_static\" data-id=\"24552e5\" data-element_type=\"column\" data-e-type=\"column\">\n\t\t\t<div class=\"elementor-widget-wrap elementor-element-populated\">\n\t\t\t\t\t\t<div class=\"elementor-element elementor-element-b9d8129 sc_height_large sc_fly_static elementor-widget elementor-widget-spacer\" data-id=\"b9d8129\" data-element_type=\"widget\" data-e-type=\"widget\" data-widget_type=\"spacer.default\">\n\t\t\t\t<div class=\"elementor-widget-container\">\n\t\t\t\t\t\t\t<div class=\"elementor-spacer\">\n\t\t\t<div class=\"elementor-spacer-inner\"><\/div>\n\t\t<\/div>\n\t\t\t\t\t\t<\/div>\n\t\t\t\t<\/div>\n\t\t\t\t\t<\/div>\n\t\t<\/div>\n\t\t\t\t\t<\/div>\n\t\t<\/section>\n\t\t\t\t<section data-particle_enable=\"false\" data-particle-mobile-disabled=\"false\" class=\"elementor-section elementor-top-section elementor-element elementor-element-c2ddcf8 elementor-section-boxed elementor-section-height-default elementor-section-height-default sc_fly_static\" data-id=\"c2ddcf8\" data-element_type=\"section\" data-e-type=\"section\">\n\t\t\t\t\t\t<div class=\"elementor-container elementor-column-gap-extended\">\n\t\t\t\t\t<div class=\"elementor-column elementor-col-100 elementor-top-column elementor-element elementor-element-b0f4cc0 sc_inner_width_none sc_content_align_inherit sc_layouts_column_icons_position_left sc_fly_static\" data-id=\"b0f4cc0\" data-element_type=\"column\" data-e-type=\"column\">\n\t\t\t<div class=\"elementor-widget-wrap elementor-element-populated\">\n\t\t\t\t\t\t<div class=\"elementor-element elementor-element-6b5cb2a sc_fly_static elementor-widget elementor-widget-text-editor\" data-id=\"6b5cb2a\" data-element_type=\"widget\" data-e-type=\"widget\" data-widget_type=\"text-editor.default\">\n\t\t\t\t<div class=\"elementor-widget-container\">\n\t\t\t\t\t\t\t\t\t<p>Teslimat ve \u0130ade \u015eartlar\u0131<\/p><p><strong>MADDE 1- SATICI<\/strong><\/p><p>YATED Fuarc\u0131l\u0131k A.\u015e.\u00a0 Bundan sonra SATICI olarak ge\u00e7ecektir.<\/p><p>Adresi:\u00a0 Bat\u0131, Marinturk \u0130stanbul City Port, Sahil Blv D:6D 1. Kat No: D-5, 34890 Pendik\/\u0130stanbul<\/p><p>Telefon: (0216) 330 32 44<\/p><p>E-mail: yated@yated.org.tr<\/p><p><strong>MADDE 2- KONU<\/strong><\/p><p>\u0130\u015fbu teslimat ve iade \u015fartlar\u0131n\u0131n konusu, T\u00dcKET\u0130C\u0130&#8217;nin SATICI&#8217;ya ait &#8220;https:\/\/kara.bosphorusboatshow.com\/tr\/&#8221; internet sitesinden elektronik ortamda sipari\u015fini verdi\u011fi \u00fcr\u00fcn\u00fcn sat\u0131\u015f\u0131 ve teslimi ile ilgili olarak 4077 say\u0131l\u0131 T\u00fcketicilerin Korunmas\u0131 Hakk\u0131ndaki Kanun ve Mesafeli S\u00f6zle\u015fmeleri Uygulama Esas ve Usulleri Hakk\u0131nda Y\u00f6netmelik h\u00fck\u00fcmleri gere\u011fince taraflar\u0131n hak ve y\u00fck\u00fcml\u00fcl\u00fcklerinin saptanmas\u0131d\u0131r. \u0130\u015fbu s\u00f6zle\u015fme kapsam\u0131nda online hizmet sat\u0131n alan ger\u00e7ek ve t\u00fczel ki\u015filer ise ALICI olarak belirtilecektir.<\/p><p><strong>MADDE 3- \u00dcR\u00dcN<\/strong><\/p><p>Bosphorus Boat Show Fuar\u0131 kat\u0131l\u0131mc\u0131lar\u0131na \u00f6zg\u00fc olarak trafize elektrik kablolama, su hatt\u0131 ba\u011flant\u0131s\u0131, bas\u0131n\u00e7l\u0131 hava ba\u011flant\u0131s\u0131 ile ADSL hatt\u0131 ba\u011flant\u0131s\u0131 sa\u011flanmas\u0131 hizmetleri ile hal\u0131 sat\u0131\u015f\u0131d\u0131r.<\/p><p><strong>MADDE 4- GENEL H\u00dcK\u00dcMLER<\/strong><\/p><p>4.1- T\u00dcKET\u0130C\u0130, SATICI internet sitesinde \u00fcr\u00fcn\u00fcn\/lerin temel nitelikleri, sat\u0131\u015f fiyat\u0131 ve \u00f6deme \u015fekli ile teslimata ili\u015fkin \u00f6n bilgileri okuyup bilgi sahibi oldu\u011funu ve elektronik ortamda gerekli teyidi verdi\u011fini beyan eder.<\/p><p>4.2- SATICI teslimat\u0131 17-24 \u015eubat 2024 tarihlerinde \u0130stanbul Fuar Merkezi\u2019nde yap\u0131lacak olan Bosphorus Boat Show Kara Fuar\u0131\u2019nda ALICI\u2019n\u0131n\u00a0 \u00fcr\u00fcn\u00fc kullanaca\u011f\u0131 bi\u00e7imde en ge\u00e7 17 \u015eubat 2024 tarihinde ger\u00e7ekletirilecektir.<\/p><p>4.3- \u00dcr\u00fcn\u00fcn teslimat\u0131 i\u00e7in mesafeli sat\u0131\u015f s\u00f6zle\u015fmesinin imzal\u0131 n\u00fcshas\u0131n\u0131n SATICI&#8217;ya ula\u015ft\u0131r\u0131lm\u0131\u015f olmas\u0131 veya T\u00dcKET\u0130C\u0130 taraf\u0131ndan SATICI internet sitesi \u00fczerinden elektronik olarak veya T\u00dcKET\u0130C\u0130 \u2018nin kay\u0131tl\u0131 e-posta adresine teknik altyap\u0131 formunu talepleri do\u011frultusunda doldurmas\u0131na ve ilgili \u00f6demeyi yapmas\u0131 sonucunda g\u00f6nderilen onay e-postas\u0131na istinaden elektronik olarak T\u00dcKET\u0130C\u0130 taraf\u0131ndan onay al\u0131nmas\u0131 ve bedelinin T\u00dcKET\u0130C\u0130&#8217;nin https:\/\/kara.bosphorusboatshow.com\/tr\/ bulunan \u00f6deme y\u00f6ntemi ile \u00f6demi\u015f olmas\u0131 \u015fartt\u0131r.<\/p><p>4.4- 18 ya\u015f\u0131ndan k\u00fc\u00e7\u00fck ki\u015filer SATICI&#8217;dan al\u0131\u015fveri\u015f yapamaz.<\/p><p>4.5- Dizgi ve sistem hatalar\u0131ndan meydana gelen fiyat yanl\u0131\u015fl\u0131klar\u0131ndan SATICI sorumlu de\u011fildir.<\/p><p>4.6- SATICI, internet sitesinden sat\u0131\u015f\u0131n\u0131 yapt\u0131\u011f\u0131 t\u00fcm \u00fcr\u00fcnlerin i\u00e7eri\u011fini, kapsam\u0131n\u0131 ve \u00f6zelliklerini de\u011fi\u015ftirme ve iptal etme hakk\u0131na sahiptir.<\/p><p>4.7- \u00dcr\u00fcn \u00f6demesinin yap\u0131lmas\u0131 durumunda\u00a0 ALICI i\u015fbu s\u00f6zle\u015fmenin t\u00fcm ko\u015fullar\u0131n\u0131 kabul etmi\u015f say\u0131l\u0131r.<\/p><p><strong>MADDE 5- CAYMA HAKKI<\/strong><\/p><p>ALICI 17 \u015eubat 2024 tarihinden 15 g\u00fcn \u00f6ncesine kadar cayma hakk\u0131na sahiptir. Cayma hakk\u0131n\u0131n kullan\u0131lmas\u0131 i\u00e7in bu s\u00fcre i\u00e7inde SATICI&#8217;ya faks, e-posta veya telefon ile bildirimde bulunulmas\u0131 ve \u00fcr\u00fcn\u00fcn kullan\u0131lmam\u0131\u015f olmas\u0131 \u015fartt\u0131r. Cayma hakk\u0131n\u0131 kullanan t\u00fcketiciye SATICI taraf\u0131ndan geri \u00f6deme 30 i\u015fg\u00fcn\u00fc i\u00e7erisinde yap\u0131l\u0131r.\u00a0<\/p><p><strong>MADDE 6- CAYMA HAKKI KULLANILAMAYACAK \u00dcR\u00dcNLER<\/strong><\/p><p>S\u00f6zle\u015fmenin 5. maddesinde g\u00f6sterilen s\u00fcreden sonra cayma hakk\u0131 kullan\u0131lamaz.\u00a0<\/p><p><strong>MADDE 7- YETK\u0130L\u0130 MAHKEME<\/strong><\/p><p>\u0130\u015fbu tesilmat ve iade \u015fartlar\u0131n\u0131n uygulanmas\u0131ndan do\u011fan uyu\u015fmazl\u0131klarda, Sanayi ve Ticaret Bakanl\u0131\u011f\u0131nca ilan edilen de\u011fere kadar T\u00fcketici Hakem Heyetleri ile SATICI&#8217;n\u0131n yerle\u015fim yerindeki T\u00fcketici Mahkemeleri yetkilidir.<\/p>\t\t\t\t\t\t\t\t<\/div>\n\t\t\t\t<\/div>\n\t\t\t\t\t<\/div>\n\t\t<\/div>\n\t\t\t\t\t<\/div>\n\t\t<\/section>\n\t\t\t\t<section data-particle_enable=\"false\" data-particle-mobile-disabled=\"false\" class=\"elementor-section elementor-top-section elementor-element elementor-element-631350e elementor-section-boxed elementor-section-height-default elementor-section-height-default sc_fly_static\" data-id=\"631350e\" data-element_type=\"section\" data-e-type=\"section\">\n\t\t\t\t\t\t<div class=\"elementor-container elementor-column-gap-extended\">\n\t\t\t\t\t<div class=\"elementor-column elementor-col-100 elementor-top-column elementor-element elementor-element-6a4da12 sc_inner_width_none sc_content_align_inherit sc_layouts_column_icons_position_left sc_fly_static\" data-id=\"6a4da12\" data-element_type=\"column\" data-e-type=\"column\">\n\t\t\t<div class=\"elementor-widget-wrap elementor-element-populated\">\n\t\t\t\t\t\t<div class=\"elementor-element elementor-element-76e16d1 sc_height_large sc_fly_static elementor-widget elementor-widget-spacer\" data-id=\"76e16d1\" data-element_type=\"widget\" data-e-type=\"widget\" data-widget_type=\"spacer.default\">\n\t\t\t\t<div class=\"elementor-widget-container\">\n\t\t\t\t\t\t\t<div class=\"elementor-spacer\">\n\t\t\t<div class=\"elementor-spacer-inner\"><\/div>\n\t\t<\/div>\n\t\t\t\t\t\t<\/div>\n\t\t\t\t<\/div>\n\t\t\t\t\t<\/div>\n\t\t<\/div>\n\t\t\t\t\t<\/div>\n\t\t<\/section>\n\t\t\t\t<\/div>\n\t\t","protected":false},"excerpt":{"rendered":"<p>Teslimat ve \u0130ade \u015eartlar\u0131 MADDE 1- SATICI YATED Fuarc\u0131l\u0131k A.\u015e.\u00a0 Bundan sonra SATICI olarak ge\u00e7ecektir. Adresi:\u00a0 Bat\u0131, Marinturk \u0130stanbul City Port, Sahil Blv D:6D 1. Kat No: D-5, 34890 Pendik\/\u0130stanbul&hellip;<\/p>\n","protected":false},"author":1,"featured_media":0,"parent":0,"menu_order":0,"comment_status":"closed","ping_status":"closed","template":"","meta":{"inline_featured_image":false,"footnotes":""},"class_list":["post-7521","page","type-page","status-publish","hentry"],"_links":{"self":[{"href":"https:\/\/kara.bosphorusboatshow.com\/tr\/wp-json\/wp\/v2\/pages\/7521","targetHints":{"allow":["GET"]}}],"collection":[{"href":"https:\/\/kara.bosphorusboatshow.com\/tr\/wp-json\/wp\/v2\/pages"}],"about":[{"href":"https:\/\/kara.bosphorusboatshow.com\/tr\/wp-json\/wp\/v2\/types\/page"}],"author":[{"embeddable":true,"href":"https:\/\/kara.bosphorusboatshow.com\/tr\/wp-json\/wp\/v2\/users\/1"}],"replies":[{"embeddable":true,"href":"https:\/\/kara.bosphorusboatshow.com\/tr\/wp-json\/wp\/v2\/comments?post=7521"}],"version-history":[{"count":7,"href":"https:\/\/kara.bosphorusboatshow.com\/tr\/wp-json\/wp\/v2\/pages\/7521\/revisions"}],"predecessor-version":[{"id":8039,"href":"https:\/\/kara.bosphorusboatshow.com\/tr\/wp-json\/wp\/v2\/pages\/7521\/revisions\/8039"}],"wp:attachment":[{"href":"https:\/\/kara.bosphorusboatshow.com\/tr\/wp-json\/wp\/v2\/media?parent=7521"}],"curies":[{"name":"wp","href":"https:\/\/api.w.org\/{rel}","templated":true}]}}