{"id":7535,"date":"2024-01-06T00:08:39","date_gmt":"2024-01-05T21:08:39","guid":{"rendered":"https:\/\/kara.bosphorusboatshow.com\/?page_id=7535"},"modified":"2024-01-15T15:09:27","modified_gmt":"2024-01-15T12:09:27","slug":"mesafeli-satis-sozlesmesi","status":"publish","type":"page","link":"https:\/\/kara.bosphorusboatshow.com\/tr\/mesafeli-satis-sozlesmesi\/","title":{"rendered":"Mesafeli Sat\u0131\u015f S\u00f6zle\u015fmesi"},"content":{"rendered":"\t\t<div data-elementor-type=\"wp-post\" data-elementor-id=\"7535\" class=\"elementor elementor-7535\" data-elementor-post-type=\"page\">\n\t\t\t\t\t\t<section data-particle_enable=\"false\" data-particle-mobile-disabled=\"false\" class=\"elementor-section elementor-top-section elementor-element elementor-element-d6ba234 elementor-section-boxed elementor-section-height-default elementor-section-height-default sc_fly_static\" data-id=\"d6ba234\" data-element_type=\"section\" data-e-type=\"section\">\n\t\t\t\t\t\t<div class=\"elementor-container elementor-column-gap-extended\">\n\t\t\t\t\t<div class=\"elementor-column elementor-col-100 elementor-top-column elementor-element elementor-element-24552e5 sc_inner_width_none sc_content_align_inherit sc_layouts_column_icons_position_left sc_fly_static\" data-id=\"24552e5\" data-element_type=\"column\" data-e-type=\"column\">\n\t\t\t<div class=\"elementor-widget-wrap elementor-element-populated\">\n\t\t\t\t\t\t<div class=\"elementor-element elementor-element-b9d8129 sc_height_large sc_fly_static elementor-widget elementor-widget-spacer\" data-id=\"b9d8129\" data-element_type=\"widget\" data-e-type=\"widget\" data-widget_type=\"spacer.default\">\n\t\t\t\t<div class=\"elementor-widget-container\">\n\t\t\t\t\t\t\t<div class=\"elementor-spacer\">\n\t\t\t<div class=\"elementor-spacer-inner\"><\/div>\n\t\t<\/div>\n\t\t\t\t\t\t<\/div>\n\t\t\t\t<\/div>\n\t\t\t\t\t<\/div>\n\t\t<\/div>\n\t\t\t\t\t<\/div>\n\t\t<\/section>\n\t\t\t\t<section data-particle_enable=\"false\" data-particle-mobile-disabled=\"false\" class=\"elementor-section elementor-top-section elementor-element elementor-element-c2ddcf8 elementor-section-boxed elementor-section-height-default elementor-section-height-default sc_fly_static\" data-id=\"c2ddcf8\" data-element_type=\"section\" data-e-type=\"section\">\n\t\t\t\t\t\t<div class=\"elementor-container elementor-column-gap-extended\">\n\t\t\t\t\t<div class=\"elementor-column elementor-col-100 elementor-top-column elementor-element elementor-element-b0f4cc0 sc_inner_width_none sc_content_align_inherit sc_layouts_column_icons_position_left sc_fly_static\" data-id=\"b0f4cc0\" data-element_type=\"column\" data-e-type=\"column\">\n\t\t\t<div class=\"elementor-widget-wrap elementor-element-populated\">\n\t\t\t\t\t\t<div class=\"elementor-element elementor-element-6b5cb2a sc_fly_static elementor-widget elementor-widget-text-editor\" data-id=\"6b5cb2a\" data-element_type=\"widget\" data-e-type=\"widget\" data-widget_type=\"text-editor.default\">\n\t\t\t\t<div class=\"elementor-widget-container\">\n\t\t\t\t\t\t\t\t\t<p><strong>KULLANIM KO\u015eULLARI<\/strong><\/p><p>13.06.2003 Tarih ve 25137 say\u0131l\u0131 Resmi Gazete&#8217;de yay\u0131mlanan &#8220;Mesafeli S\u00f6zle\u015fmeler Uygulama Usul ve Esaslar\u0131 Hakk\u0131nda Y\u00f6netmelik&#8221; gere\u011fince, internet \u00fczerinden ger\u00e7ekle\u015ftirilen sat\u0131\u015flar i\u00e7in s\u00f6zle\u015fme yap\u0131lmas\u0131 zorunlulu\u011fu getirilmi\u015ftir. S\u00f6zle\u015fme detaylar\u0131 a\u015fa\u011f\u0131da belirtildi\u011fi gibidir.<\/p><p><strong>Sat\u0131\u015f S\u00f6zle\u015fmesi<\/strong><\/p><p><strong>MADDE 1 &#8211; TARAFLAR<\/strong><\/p><p><strong>1.1 SATICI<\/strong><\/p><p>Unvan: YATED Fuarc\u0131l\u0131k A.\u015e.<\/p><p>Adres: Marinturk \u0130stanbul City Port Bat\u0131 Mah. Sahil Yolu Cad. 6D 1. Kat No: D-5 Merkez<\/p><p>Pendik\/ \u0130stanbul\/ T\u00fcrkiye<\/p><p>Telefon : +90 0216 330 32 44<\/p><p>E-Posta : yated@yated.org.tr\u00a0<\/p><p><strong>1.2 ALICI<\/strong><\/p><p>Unvan\u0131 \/ Ad\u0131, Soyad\u0131:<\/p><p>Adresi :<\/p><p>Telefon:<\/p><p>E-Posta:<\/p><p>(Adres, Telefon, E-Posta bilgileriniz, sipari\u015f a\u015famas\u0131nda belirtece\u011finiz bi\u00e7imiyle, ayr\u0131ca daha \u00f6nce ger\u00e7ekle\u015ftirilen fuar kat\u0131l\u0131m s\u00f6zle\u015fmesindeki ilgili bilgileriz ile s\u00f6zle\u015fmeye eklenecektir.)\u00a0<\/p><p><strong>MADDE 2 &#8211; KONU<\/strong><\/p><p>\u0130\u015fbu s\u00f6zle\u015fmenin konusu, ALICI`n\u0131n SATICI`ya ait internet sitesinden elektronik ortamda sipari\u015fini verdi\u011fi ve fatura detay\u0131nda nitelikleri ve sat\u0131\u015f fiyat\u0131 belirtilen hizmet sat\u0131\u015f\u0131 ve teslimi ile ilgili olarak 4077 say\u0131l\u0131 T\u00fcketicilerin Korunmas\u0131 Hakk\u0131ndaki Kanun ve Mesafeli S\u00f6zle\u015fmeleri Uygulama Esas ve Usulleri Hakk\u0131nda Y\u00f6netmelik h\u00fck\u00fcmleri gere\u011fince taraflar\u0131n hak ve y\u00fck\u00fcml\u00fcl\u00fcklerinin saptanmas\u0131d\u0131r.<\/p><p><strong>MADDE 3 &#8211; S\u00d6ZLE\u015eME KONUSU \u00dcR\u00dcN<\/strong><\/p><p>Bosphorus Boat Show Fuar\u0131 kat\u0131l\u0131mc\u0131lar\u0131na \u00f6zg\u00fc olarak trafize elektrik kablolama, su hatt\u0131 ba\u011flant\u0131s\u0131, bas\u0131n\u00e7l\u0131 hava ba\u011flant\u0131s\u0131 ile ADSL hatt\u0131 ba\u011flant\u0131s\u0131 sa\u011flanmas\u0131 hizmetleri ile hal\u0131 sat\u0131\u015f\u0131d\u0131r.<\/p><p>Hizmet ve \u00fcr\u00fcnlerin cinsi ve t\u00fcr\u00fc, miktar\u0131, sat\u0131\u015f bedeli ve \u00f6deme \u015fekli sat\u0131\u015f faturas\u0131nda belirtildi\u011fi gibidir. Teslimat 17-24 \u015eubat 2024 tarihlerinde \u0130stanbul Fuar Merkezi\u2019nde yap\u0131lacak olan Bosphorus Boat Show Kara Fuar\u0131\u2019nda ALICI\u2019n\u0131n hizmeti kullanaca\u011f\u0131 bi\u00e7imde en ge\u00e7 17 \u015eubat 2024 tarihinde ger\u00e7ekletirilecektir.<\/p><p><strong>MADDE 4 &#8211; GENEL H\u00dcK\u00dcMLER<\/strong><\/p><p>4.1 &#8211; ALICI, internet sitesinde s\u00f6zle\u015fme konusu \u00fcr\u00fcn\u00fcn temel niteliklerini, sat\u0131\u015f fiyat\u0131 ve \u00f6deme \u015fekli ile teslimata ili\u015fkin \u00f6n bilgileri okuyup bilgi sahibi oldu\u011funu ve elektronik ortamda gerekli teyidi verdi\u011fini beyan eder. Kredi kart\u0131 (VISA, MasterCard, American Express) veya banka havalesi ile al\u0131\u015fveri\u015f yap\u0131labilir. \u00a0Bir (1) i\u015fg\u00fcn\u00fc i\u00e7inde havalesi yap\u0131lmayan sipari\u015fler iptal edilir. Sipari\u015fler verildi\u011fi an de\u011fil, kredi kart\u0131 hesab\u0131ndan sipari\u015f tutar\u0131 kadar para blokesinin yap\u0131ld\u0131\u011f\u0131 veya havalenin hesaplar\u0131m\u0131za ula\u015ft\u0131\u011f\u0131 zaman i\u015fleme al\u0131nacakt\u0131r. Bu maddede belirtilmeyen \u00f6deme y\u00f6ntemleri kesinlikle kabul edilmez.<\/p><p>4.2 &#8211; S\u00f6zle\u015fme konusu \u00fcr\u00fcn internet sitesinde \u00f6n bilgiler i\u00e7inde a\u00e7\u0131klanan s\u00fcre i\u00e7inde ALICI veya g\u00f6sterdi\u011fi ki\u015fi\/kurulu\u015fa ve 17-24 \u015eubat 2024 tarihlerinde \u0130stanbul Fuar Merkezi\u2019nde yap\u0131lacak olan Bosphorus Boat Show Kara Fuar\u0131 i\u00e7in ALICI&#8217;ya tahsis edilen yerde teslim edilir.<\/p><p>4.3 &#8211; S\u00f6zle\u015fme konusu \u00fcr\u00fcn ALICI`dan ba\u015fka bir ki\u015fi\/kurulu\u015fa teslim edilecek ya da sunulacak ise, teslim edilecek ya da sunulacak ki\u015fi\/kurulu\u015fun teslimat\u0131 ya da \u00fcr\u00fcn\u00fc kabul etmemesinden SATICI sorumlu tutulamaz.<\/p><p>4.4 &#8211;\u00a0 SATICI bu S\u00f6zle\u015fmeye konu \u00fcr\u00fcn sipari\u015flerini yasalar\u0131n gerektirdi\u011fi \u015fekilde irsaliyeli fatura e\u015fli\u011finde teslim edecektir.<\/p><p>4.5 &#8211; SATICI, s\u00f6zle\u015fme konusu \u00fcr\u00fcn\u00fc sa\u011flam, eksiksiz, sipari\u015fte belirtilen niteliklere uygun \u015fekilde teslim etmekle sorumludur.<\/p><p>4.6 &#8211; S\u00f6zle\u015fme konusu \u00fcr\u00fcn\u00fcn teslimat\u0131 i\u00e7in i\u015fbu s\u00f6zle\u015fmenin imzal\u0131 veya onayl\u0131 n\u00fcshas\u0131n\u0131n SATICI`ya ula\u015ft\u0131r\u0131lm\u0131\u015f olmas\u0131 ve bedelinin ALICI`n\u0131n tercih etti\u011fi \u00f6deme \u015fekli ile \u00f6denmi\u015f olmas\u0131 \u015fartt\u0131r. Herhangi bir nedenle \u00fcr\u00fcn bedeli \u00f6denmez veya banka kay\u0131tlar\u0131nda iptal edilir ise, SATICI \u00fcr\u00fcn\u00fcn teslim y\u00fck\u00fcml\u00fcl\u00fc\u011f\u00fcnden kurtulmu\u015f kabul edilir.<\/p><p>4.7 &#8211; SATICI m\u00fccbir sebepler veya nakliyeyi engelleyen hava muhalefeti, ula\u015f\u0131m\u0131n kesilmesi gibi ola\u011fan\u00fcst\u00fc durumlar nedeni ile s\u00f6zle\u015fme konusu \u00fcr\u00fcn\u00fc s\u00fcresi i\u00e7inde teslim edemez ise, durumu ALICI`ya bildirmekle y\u00fck\u00fcml\u00fcd\u00fcr. Bu takdirde ALICI sipari\u015fin iptal edilmesini, teslimat s\u00fcresinin engelleyici durumun ortadan kalkmas\u0131na kadar ertelenmesi haklar\u0131ndan birini kullanabilir. ALICI`n\u0131n sipari\u015fi iptal etmesi halinde \u00f6dedi\u011fi tutar 30 g\u00fcn i\u00e7inde sipari\u015findeki \u00f6deme \u015fekline g\u00f6re defaten iade edilir.<\/p><p>4.8 \u2013 Teslim al\u0131nd\u0131ktan sonra \u00fcr\u00fcn\u00fc sa\u011flayan firman\u0131n g\u00f6revini lay\u0131k\u0131yla yapt\u0131\u011f\u0131 kabul edilmi\u015f say\u0131l\u0131r. Bu y\u00fczden, teslimat s\u0131ras\u0131nda sorunlu oldu\u011fu tespit edilen \u00fcr\u00fcn ayn\u0131 g\u00fcn i\u00e7erisinde daha sonra, tutanak yated@yated.org.tr &#8216;ye bildirilmelidir.<\/p><p>4.9 &#8211; SATICI \u00fcr\u00fcn sipari\u015fi ile ilgili \u00e7al\u0131\u015fmalara ba\u015flayarak, en ge\u00e7 17 \u015eubat 2024 g\u00fcn\u00fc \u00fcr\u00fcn\u00fcn teslimini sa\u011flayacakt\u0131r.\u00a0<\/p><p><strong>MADDE 5 &#8211; CAYMA<\/strong><\/p><p>ALICI 17 \u015eubat 2024 tarihinden 15 g\u00fcn \u00f6ncesine kadar cayma hakk\u0131na sahiptir. Cayma hakk\u0131n\u0131n kullan\u0131lmas\u0131 i\u00e7in bu s\u00fcre i\u00e7inde SATICI&#8217;ya faks, e-posta veya telefon ile bildirimde bulunulmas\u0131 ve \u00fcr\u00fcn\u00fcn kullan\u0131lmam\u0131\u015f olmas\u0131 \u015fartt\u0131r. Cayma hakk\u0131n\u0131 kullanan t\u00fcketiciye SATICI taraf\u0131ndan geri \u00f6deme 30 i\u015fg\u00fcn\u00fc i\u00e7erisinde yap\u0131l\u0131r.\u00a0<\/p><p><strong>MADDE 6 &#8211; CAYMA HAKKI KULLANILAMAYACAK \u00dcR\u00dcNLER<\/strong><\/p><p>S\u00f6zle\u015fmenin 5. maddesinde g\u00f6sterilen s\u00fcreden sonra cayma hakk\u0131 kullan\u0131lamaz.\u00a0<\/p><p><strong>MADDE 7 &#8211; YETK\u0130L\u0130 MAHKEME<\/strong><\/p><p>\u0130\u015fbu s\u00f6zle\u015fmenin uygulanmas\u0131ndan do\u011fan uyu\u015fmazl\u0131klarda, Sanayi ve Ticaret Bakanl\u0131\u011f\u0131nca ilan edilen de\u011fere kadar T\u00fcketici Hakem Heyetleri ile SATICI&#8217;n\u0131n yerle\u015fim yerindeki T\u00fcketici Mahkemeleri yetkilidir.<\/p><p>\u00a0<\/p><p>\u00a0<\/p><p>\u00a0<\/p>\t\t\t\t\t\t\t\t<\/div>\n\t\t\t\t<\/div>\n\t\t\t\t\t<\/div>\n\t\t<\/div>\n\t\t\t\t\t<\/div>\n\t\t<\/section>\n\t\t\t\t<section data-particle_enable=\"false\" data-particle-mobile-disabled=\"false\" class=\"elementor-section elementor-top-section elementor-element elementor-element-631350e elementor-section-boxed elementor-section-height-default elementor-section-height-default sc_fly_static\" data-id=\"631350e\" data-element_type=\"section\" data-e-type=\"section\">\n\t\t\t\t\t\t<div class=\"elementor-container elementor-column-gap-extended\">\n\t\t\t\t\t<div class=\"elementor-column elementor-col-100 elementor-top-column elementor-element elementor-element-6a4da12 sc_inner_width_none sc_content_align_inherit sc_layouts_column_icons_position_left sc_fly_static\" data-id=\"6a4da12\" data-element_type=\"column\" data-e-type=\"column\">\n\t\t\t<div class=\"elementor-widget-wrap elementor-element-populated\">\n\t\t\t\t\t\t<div class=\"elementor-element elementor-element-76e16d1 sc_height_large sc_fly_static elementor-widget elementor-widget-spacer\" data-id=\"76e16d1\" data-element_type=\"widget\" data-e-type=\"widget\" data-widget_type=\"spacer.default\">\n\t\t\t\t<div class=\"elementor-widget-container\">\n\t\t\t\t\t\t\t<div class=\"elementor-spacer\">\n\t\t\t<div class=\"elementor-spacer-inner\"><\/div>\n\t\t<\/div>\n\t\t\t\t\t\t<\/div>\n\t\t\t\t<\/div>\n\t\t\t\t\t<\/div>\n\t\t<\/div>\n\t\t\t\t\t<\/div>\n\t\t<\/section>\n\t\t\t\t<\/div>\n\t\t","protected":false},"excerpt":{"rendered":"<p>KULLANIM KO\u015eULLARI 13.06.2003 Tarih ve 25137 say\u0131l\u0131 Resmi Gazete&#8217;de yay\u0131mlanan &#8220;Mesafeli S\u00f6zle\u015fmeler Uygulama Usul ve Esaslar\u0131 Hakk\u0131nda Y\u00f6netmelik&#8221; gere\u011fince, internet \u00fczerinden ger\u00e7ekle\u015ftirilen sat\u0131\u015flar i\u00e7in s\u00f6zle\u015fme yap\u0131lmas\u0131 zorunlulu\u011fu getirilmi\u015ftir. S\u00f6zle\u015fme detaylar\u0131&hellip;<\/p>\n","protected":false},"author":1,"featured_media":0,"parent":0,"menu_order":0,"comment_status":"closed","ping_status":"closed","template":"","meta":{"inline_featured_image":false,"footnotes":""},"class_list":["post-7535","page","type-page","status-publish","hentry"],"_links":{"self":[{"href":"https:\/\/kara.bosphorusboatshow.com\/tr\/wp-json\/wp\/v2\/pages\/7535","targetHints":{"allow":["GET"]}}],"collection":[{"href":"https:\/\/kara.bosphorusboatshow.com\/tr\/wp-json\/wp\/v2\/pages"}],"about":[{"href":"https:\/\/kara.bosphorusboatshow.com\/tr\/wp-json\/wp\/v2\/types\/page"}],"author":[{"embeddable":true,"href":"https:\/\/kara.bosphorusboatshow.com\/tr\/wp-json\/wp\/v2\/users\/1"}],"replies":[{"embeddable":true,"href":"https:\/\/kara.bosphorusboatshow.com\/tr\/wp-json\/wp\/v2\/comments?post=7535"}],"version-history":[{"count":7,"href":"https:\/\/kara.bosphorusboatshow.com\/tr\/wp-json\/wp\/v2\/pages\/7535\/revisions"}],"predecessor-version":[{"id":8045,"href":"https:\/\/kara.bosphorusboatshow.com\/tr\/wp-json\/wp\/v2\/pages\/7535\/revisions\/8045"}],"wp:attachment":[{"href":"https:\/\/kara.bosphorusboatshow.com\/tr\/wp-json\/wp\/v2\/media?parent=7535"}],"curies":[{"name":"wp","href":"https:\/\/api.w.org\/{rel}","templated":true}]}}