{"id":7542,"date":"2024-01-06T00:12:17","date_gmt":"2024-01-05T21:12:17","guid":{"rendered":"https:\/\/kara.bosphorusboatshow.com\/?page_id=7542"},"modified":"2024-01-11T18:24:39","modified_gmt":"2024-01-11T15:24:39","slug":"hakkimizda","status":"publish","type":"page","link":"https:\/\/kara.bosphorusboatshow.com\/tr\/hakkimizda\/","title":{"rendered":"Hakk\u0131m\u0131zda"},"content":{"rendered":"\t\t<div data-elementor-type=\"wp-post\" data-elementor-id=\"7542\" class=\"elementor elementor-7542\" data-elementor-post-type=\"page\">\n\t\t\t\t\t\t<section data-particle_enable=\"false\" data-particle-mobile-disabled=\"false\" class=\"elementor-section elementor-top-section elementor-element elementor-element-d6ba234 elementor-section-boxed elementor-section-height-default elementor-section-height-default sc_fly_static\" data-id=\"d6ba234\" data-element_type=\"section\" data-e-type=\"section\">\n\t\t\t\t\t\t<div class=\"elementor-container elementor-column-gap-extended\">\n\t\t\t\t\t<div class=\"elementor-column elementor-col-100 elementor-top-column elementor-element elementor-element-24552e5 sc_inner_width_none sc_content_align_inherit sc_layouts_column_icons_position_left sc_fly_static\" data-id=\"24552e5\" data-element_type=\"column\" data-e-type=\"column\">\n\t\t\t<div class=\"elementor-widget-wrap elementor-element-populated\">\n\t\t\t\t\t\t<div class=\"elementor-element elementor-element-b9d8129 sc_height_large sc_fly_static elementor-widget elementor-widget-spacer\" data-id=\"b9d8129\" data-element_type=\"widget\" data-e-type=\"widget\" data-widget_type=\"spacer.default\">\n\t\t\t\t<div class=\"elementor-widget-container\">\n\t\t\t\t\t\t\t<div class=\"elementor-spacer\">\n\t\t\t<div class=\"elementor-spacer-inner\"><\/div>\n\t\t<\/div>\n\t\t\t\t\t\t<\/div>\n\t\t\t\t<\/div>\n\t\t\t\t\t<\/div>\n\t\t<\/div>\n\t\t\t\t\t<\/div>\n\t\t<\/section>\n\t\t\t\t<section data-particle_enable=\"false\" data-particle-mobile-disabled=\"false\" class=\"elementor-section elementor-top-section elementor-element elementor-element-c2ddcf8 elementor-section-boxed elementor-section-height-default elementor-section-height-default sc_fly_static\" data-id=\"c2ddcf8\" data-element_type=\"section\" data-e-type=\"section\">\n\t\t\t\t\t\t<div class=\"elementor-container elementor-column-gap-extended\">\n\t\t\t\t\t<div class=\"elementor-column elementor-col-100 elementor-top-column elementor-element elementor-element-b0f4cc0 sc_inner_width_none sc_content_align_inherit sc_layouts_column_icons_position_left sc_fly_static\" data-id=\"b0f4cc0\" data-element_type=\"column\" data-e-type=\"column\">\n\t\t\t<div class=\"elementor-widget-wrap elementor-element-populated\">\n\t\t\t\t\t\t<div class=\"elementor-element elementor-element-6b5cb2a sc_fly_static elementor-widget elementor-widget-text-editor\" data-id=\"6b5cb2a\" data-element_type=\"widget\" data-e-type=\"widget\" data-widget_type=\"text-editor.default\">\n\t\t\t\t<div class=\"elementor-widget-container\">\n\t\t\t\t\t\t\t\t\t<p>YATED Fuarc\u0131l\u0131k A.\u015e. 2021 y\u0131l\u0131nda sekt\u00f6rel fuarlar d\u00fczenlemek amac\u0131yla kurulmu\u015ftur.<\/p><p>Y\u00f6netim Kurulu<br \/><span style=\"font-size: 16px; letter-spacing: 0.04em;\">Murat BEK\u0130RO\u011eLU \u2013 Fuarc\u0131l\u0131k A.\u015e. Y\u00f6netim Kurulu Ba\u015fkan\u0131 ve Dernek Temsilcisi<br \/><\/span><span style=\"font-size: 16px; letter-spacing: 0.04em;\">Cem H\u00dcRO\u011eLU \u2013 Y\u00f6netim Kurulu \u00dcyesi<br \/><\/span><span style=\"font-size: 16px; letter-spacing: 0.04em;\">Orhun \u015eENT\u00dcRK \u2013 Y\u00f6netim Kurulu \u00dcyesi<br \/><\/span><span style=\"font-size: 16px; letter-spacing: 0.04em;\">Hikmet U\u011fur AKSAN \u2013 Y\u00f6netim Kurulu \u00dcyesi<\/span><\/p><p>\u00a0<\/p><p>Merkez Ofisi<\/p><p>Marinturk \u0130stanbul City Port Bat\u0131 Mah. Sahil Yolu Cad. 6D 1. Kat No: D-5 Merkez<\/p><p>Pendik\/ \u0130stanbul\/ T\u00fcrkiye<\/p><p>+90 0216 330 32 44<\/p><p>+90 0216 330 32 08<\/p><p>yated@yated.org.tr<\/p>\t\t\t\t\t\t\t\t<\/div>\n\t\t\t\t<\/div>\n\t\t\t\t\t<\/div>\n\t\t<\/div>\n\t\t\t\t\t<\/div>\n\t\t<\/section>\n\t\t\t\t<section data-particle_enable=\"false\" data-particle-mobile-disabled=\"false\" class=\"elementor-section elementor-top-section elementor-element elementor-element-631350e elementor-section-boxed elementor-section-height-default elementor-section-height-default sc_fly_static\" data-id=\"631350e\" data-element_type=\"section\" data-e-type=\"section\">\n\t\t\t\t\t\t<div class=\"elementor-container elementor-column-gap-extended\">\n\t\t\t\t\t<div class=\"elementor-column elementor-col-100 elementor-top-column elementor-element elementor-element-6a4da12 sc_inner_width_none sc_content_align_inherit sc_layouts_column_icons_position_left sc_fly_static\" data-id=\"6a4da12\" data-element_type=\"column\" data-e-type=\"column\">\n\t\t\t<div class=\"elementor-widget-wrap elementor-element-populated\">\n\t\t\t\t\t\t<div class=\"elementor-element elementor-element-76e16d1 sc_height_large sc_fly_static elementor-widget elementor-widget-spacer\" data-id=\"76e16d1\" data-element_type=\"widget\" data-e-type=\"widget\" data-widget_type=\"spacer.default\">\n\t\t\t\t<div class=\"elementor-widget-container\">\n\t\t\t\t\t\t\t<div class=\"elementor-spacer\">\n\t\t\t<div class=\"elementor-spacer-inner\"><\/div>\n\t\t<\/div>\n\t\t\t\t\t\t<\/div>\n\t\t\t\t<\/div>\n\t\t\t\t\t<\/div>\n\t\t<\/div>\n\t\t\t\t\t<\/div>\n\t\t<\/section>\n\t\t\t\t<\/div>\n\t\t","protected":false},"excerpt":{"rendered":"<p>YATED Fuarc\u0131l\u0131k A.\u015e. 2021 y\u0131l\u0131nda sekt\u00f6rel fuarlar d\u00fczenlemek amac\u0131yla kurulmu\u015ftur. Y\u00f6netim KuruluMurat BEK\u0130RO\u011eLU \u2013 Fuarc\u0131l\u0131k A.\u015e. Y\u00f6netim Kurulu Ba\u015fkan\u0131 ve Dernek TemsilcisiCem H\u00dcRO\u011eLU \u2013 Y\u00f6netim Kurulu \u00dcyesiOrhun \u015eENT\u00dcRK \u2013 Y\u00f6netim&hellip;<\/p>\n","protected":false},"author":1,"featured_media":0,"parent":0,"menu_order":0,"comment_status":"closed","ping_status":"closed","template":"","meta":{"inline_featured_image":false,"footnotes":""},"class_list":["post-7542","page","type-page","status-publish","hentry"],"_links":{"self":[{"href":"https:\/\/kara.bosphorusboatshow.com\/tr\/wp-json\/wp\/v2\/pages\/7542","targetHints":{"allow":["GET"]}}],"collection":[{"href":"https:\/\/kara.bosphorusboatshow.com\/tr\/wp-json\/wp\/v2\/pages"}],"about":[{"href":"https:\/\/kara.bosphorusboatshow.com\/tr\/wp-json\/wp\/v2\/types\/page"}],"author":[{"embeddable":true,"href":"https:\/\/kara.bosphorusboatshow.com\/tr\/wp-json\/wp\/v2\/users\/1"}],"replies":[{"embeddable":true,"href":"https:\/\/kara.bosphorusboatshow.com\/tr\/wp-json\/wp\/v2\/comments?post=7542"}],"version-history":[{"count":13,"href":"https:\/\/kara.bosphorusboatshow.com\/tr\/wp-json\/wp\/v2\/pages\/7542\/revisions"}],"predecessor-version":[{"id":7623,"href":"https:\/\/kara.bosphorusboatshow.com\/tr\/wp-json\/wp\/v2\/pages\/7542\/revisions\/7623"}],"wp:attachment":[{"href":"https:\/\/kara.bosphorusboatshow.com\/tr\/wp-json\/wp\/v2\/media?parent=7542"}],"curies":[{"name":"wp","href":"https:\/\/api.w.org\/{rel}","templated":true}]}}